{"id":12,"date":"2024-02-18T08:32:26","date_gmt":"2024-02-18T07:32:26","guid":{"rendered":"https:\/\/eyanoeditions.com\/?page_id=12"},"modified":"2024-10-07T09:31:48","modified_gmt":"2024-10-07T07:31:48","slug":"nos-livres","status":"publish","type":"page","link":"https:\/\/eyanoeditions.com\/index.php\/nos-livres\/","title":{"rendered":"Livres"},"content":{"rendered":"\t\t<div data-elementor-type=\"wp-page\" data-elementor-id=\"12\" class=\"elementor elementor-12\">\n\t\t\t\t<div class=\"elementor-element elementor-element-7ed5352 e-flex e-con-boxed e-con e-parent\" data-id=\"7ed5352\" data-element_type=\"container\" data-settings=\"{&quot;content_width&quot;:&quot;boxed&quot;}\" data-core-v316-plus=\"true\">\n\t\t\t\t\t<div class=\"e-con-inner\">\n\t\t\t\t<div class=\"elementor-element elementor-element-af9bc1a elementor-invisible elementor-widget elementor-widget-heading\" data-id=\"af9bc1a\" data-element_type=\"widget\" data-settings=\"{&quot;_animation&quot;:&quot;fadeInUp&quot;}\" data-widget_type=\"heading.default\">\n\t\t\t\t<div class=\"elementor-widget-container\">\n\t\t\t<style>\/*! elementor - v3.19.0 - 07-02-2024 *\/\n.elementor-heading-title{padding:0;margin:0;line-height:1}.elementor-widget-heading .elementor-heading-title[class*=elementor-size-]>a{color:inherit;font-size:inherit;line-height:inherit}.elementor-widget-heading .elementor-heading-title.elementor-size-small{font-size:15px}.elementor-widget-heading .elementor-heading-title.elementor-size-medium{font-size:19px}.elementor-widget-heading .elementor-heading-title.elementor-size-large{font-size:29px}.elementor-widget-heading .elementor-heading-title.elementor-size-xl{font-size:39px}.elementor-widget-heading .elementor-heading-title.elementor-size-xxl{font-size:59px}<\/style><h2 class=\"elementor-heading-title elementor-size-default\">D\u00e9couvrez Nos Livres<\/h2>\t\t<\/div>\n\t\t\t\t<\/div>\n\t\t\t\t\t<\/div>\n\t\t\t\t<\/div>\n\t\t<div class=\"elementor-element elementor-element-9a9b8ef e-flex e-con-boxed elementor-invisible e-con e-parent\" data-id=\"9a9b8ef\" data-element_type=\"container\" data-settings=\"{&quot;animation&quot;:&quot;zoomIn&quot;,&quot;content_width&quot;:&quot;boxed&quot;}\" data-core-v316-plus=\"true\">\n\t\t\t\t\t<div class=\"e-con-inner\">\n\t\t<div class=\"elementor-element elementor-element-77bb265 e-con-full e-flex e-con e-child\" data-id=\"77bb265\" data-element_type=\"container\" data-settings=\"{&quot;content_width&quot;:&quot;full&quot;}\">\n\t\t\t\t<div class=\"elementor-element elementor-element-ca390ef elementor-widget elementor-widget-image\" data-id=\"ca390ef\" data-element_type=\"widget\" data-widget_type=\"image.default\">\n\t\t\t\t<div class=\"elementor-widget-container\">\n\t\t\t<style>\/*! elementor - v3.19.0 - 07-02-2024 *\/\n.elementor-widget-image{text-align:center}.elementor-widget-image a{display:inline-block}.elementor-widget-image a img[src$=\".svg\"]{width:48px}.elementor-widget-image img{vertical-align:middle;display:inline-block}<\/style>\t\t\t\t\t\t\t\t\t\t<img fetchpriority=\"high\" decoding=\"async\" width=\"923\" height=\"675\" src=\"https:\/\/eyanoeditions.com\/wp-content\/uploads\/2024\/10\/IMG_1266.jpg\" class=\"attachment-large size-large wp-image-738\" alt=\"\" srcset=\"https:\/\/eyanoeditions.com\/wp-content\/uploads\/2024\/10\/IMG_1266.jpg 923w, https:\/\/eyanoeditions.com\/wp-content\/uploads\/2024\/10\/IMG_1266-300x219.jpg 300w, https:\/\/eyanoeditions.com\/wp-content\/uploads\/2024\/10\/IMG_1266-768x562.jpg 768w\" sizes=\"(max-width: 923px) 100vw, 923px\" \/>\t\t\t\t\t\t\t\t\t\t\t\t\t<\/div>\n\t\t\t\t<\/div>\n\t\t\t\t<div class=\"elementor-element elementor-element-81849f5 elementor-widget elementor-widget-heading\" data-id=\"81849f5\" data-element_type=\"widget\" data-widget_type=\"heading.default\">\n\t\t\t\t<div class=\"elementor-widget-container\">\n\t\t\t<h2 class=\"elementor-heading-title elementor-size-default\">LE M\u00e9TR\u00e9 AUX BOUTS DE DOIGTS<\/h2>\t\t<\/div>\n\t\t\t\t<\/div>\n\t\t\t\t<div class=\"elementor-element elementor-element-de5afb1 elementor-align-center elementor-widget elementor-widget-button\" data-id=\"de5afb1\" data-element_type=\"widget\" data-widget_type=\"button.default\">\n\t\t\t\t<div class=\"elementor-widget-container\">\n\t\t\t\t\t<div class=\"elementor-button-wrapper\">\n\t\t\t<a class=\"elementor-button elementor-button-link elementor-size-sm\" href=\"https:\/\/eyanoeditions.com\/index.php\/le-metre-aux-bouts-de-doigts\/\">\n\t\t\t\t\t\t<span class=\"elementor-button-content-wrapper\">\n\t\t\t\t\t\t<span class=\"elementor-button-text\">D\u00e9tails<\/span>\n\t\t<\/span>\n\t\t\t\t\t<\/a>\n\t\t<\/div>\n\t\t\t\t<\/div>\n\t\t\t\t<\/div>\n\t\t\t\t<\/div>\n\t\t<div class=\"elementor-element elementor-element-913d54f e-con-full e-flex e-con e-child\" data-id=\"913d54f\" data-element_type=\"container\" data-settings=\"{&quot;content_width&quot;:&quot;full&quot;,&quot;shape_divider_bottom&quot;:&quot;arrow&quot;}\">\n\t\t\t\t<div class=\"elementor-shape elementor-shape-bottom\" data-negative=\"false\">\n\t\t\t<svg xmlns=\"http:\/\/www.w3.org\/2000\/svg\" viewBox=\"0 0 700 10\" preserveAspectRatio=\"none\">\n\t<path class=\"elementor-shape-fill\" d=\"M350,10L340,0h20L350,10z\"\/>\n<\/svg>\t\t<\/div>\n\t\t\t\t<div class=\"elementor-element elementor-element-904ebb3 elementor-widget elementor-widget-image\" data-id=\"904ebb3\" data-element_type=\"widget\" data-widget_type=\"image.default\">\n\t\t\t\t<div class=\"elementor-widget-container\">\n\t\t\t\t\t\t\t\t\t\t\t\t\t<img decoding=\"async\" width=\"595\" height=\"580\" src=\"https:\/\/eyanoeditions.com\/wp-content\/uploads\/2024\/10\/IMG_1268.jpg\" class=\"attachment-large size-large wp-image-741\" alt=\"\" srcset=\"https:\/\/eyanoeditions.com\/wp-content\/uploads\/2024\/10\/IMG_1268.jpg 595w, https:\/\/eyanoeditions.com\/wp-content\/uploads\/2024\/10\/IMG_1268-300x292.jpg 300w\" sizes=\"(max-width: 595px) 100vw, 595px\" \/>\t\t\t\t\t\t\t\t\t\t\t\t\t<\/div>\n\t\t\t\t<\/div>\n\t\t\t\t<div class=\"elementor-element elementor-element-806571f elementor-widget elementor-widget-heading\" data-id=\"806571f\" data-element_type=\"widget\" data-widget_type=\"heading.default\">\n\t\t\t\t<div class=\"elementor-widget-container\">\n\t\t\t<h2 class=\"elementor-heading-title elementor-size-default\">LA NUIT LA PLUS LONGUE<\/h2>\t\t<\/div>\n\t\t\t\t<\/div>\n\t\t\t\t<div class=\"elementor-element elementor-element-0a29496 elementor-align-center elementor-widget elementor-widget-button\" data-id=\"0a29496\" data-element_type=\"widget\" data-widget_type=\"button.default\">\n\t\t\t\t<div class=\"elementor-widget-container\">\n\t\t\t\t\t<div class=\"elementor-button-wrapper\">\n\t\t\t<a class=\"elementor-button elementor-button-link elementor-size-sm\" href=\"#\">\n\t\t\t\t\t\t<span class=\"elementor-button-content-wrapper\">\n\t\t\t\t\t\t<span class=\"elementor-button-text\">D\u00e9tails<\/span>\n\t\t<\/span>\n\t\t\t\t\t<\/a>\n\t\t<\/div>\n\t\t\t\t<\/div>\n\t\t\t\t<\/div>\n\t\t\t\t<\/div>\n\t\t<div class=\"elementor-element elementor-element-e4cc640 e-con-full e-flex e-con e-child\" data-id=\"e4cc640\" data-element_type=\"container\" data-settings=\"{&quot;content_width&quot;:&quot;full&quot;}\">\n\t\t\t\t<div class=\"elementor-element elementor-element-ef0998e elementor-widget elementor-widget-image\" data-id=\"ef0998e\" data-element_type=\"widget\" data-widget_type=\"image.default\">\n\t\t\t\t<div class=\"elementor-widget-container\">\n\t\t\t\t\t\t\t\t\t\t\t\t\t<img decoding=\"async\" width=\"971\" height=\"832\" src=\"https:\/\/eyanoeditions.com\/wp-content\/uploads\/2024\/10\/IMG_1267.jpg\" class=\"attachment-large size-large wp-image-740\" alt=\"\" srcset=\"https:\/\/eyanoeditions.com\/wp-content\/uploads\/2024\/10\/IMG_1267.jpg 971w, https:\/\/eyanoeditions.com\/wp-content\/uploads\/2024\/10\/IMG_1267-300x257.jpg 300w, https:\/\/eyanoeditions.com\/wp-content\/uploads\/2024\/10\/IMG_1267-768x658.jpg 768w\" sizes=\"(max-width: 971px) 100vw, 971px\" \/>\t\t\t\t\t\t\t\t\t\t\t\t\t<\/div>\n\t\t\t\t<\/div>\n\t\t\t\t<div class=\"elementor-element elementor-element-538ecb1 elementor-widget elementor-widget-heading\" data-id=\"538ecb1\" data-element_type=\"widget\" data-widget_type=\"heading.default\">\n\t\t\t\t<div class=\"elementor-widget-container\">\n\t\t\t<h2 class=\"elementor-heading-title elementor-size-default\">La puissance de l'isolement volontaire<\/h2>\t\t<\/div>\n\t\t\t\t<\/div>\n\t\t\t\t<div class=\"elementor-element elementor-element-146ffb5 elementor-align-center elementor-widget elementor-widget-button\" data-id=\"146ffb5\" data-element_type=\"widget\" data-widget_type=\"button.default\">\n\t\t\t\t<div class=\"elementor-widget-container\">\n\t\t\t\t\t<div class=\"elementor-button-wrapper\">\n\t\t\t<a class=\"elementor-button elementor-button-link elementor-size-sm\" href=\"#\">\n\t\t\t\t\t\t<span class=\"elementor-button-content-wrapper\">\n\t\t\t\t\t\t<span class=\"elementor-button-text\">D\u00e9tails<\/span>\n\t\t<\/span>\n\t\t\t\t\t<\/a>\n\t\t<\/div>\n\t\t\t\t<\/div>\n\t\t\t\t<\/div>\n\t\t\t\t<\/div>\n\t\t\t\t\t<\/div>\n\t\t\t\t<\/div>\n\t\t\t\t<\/div>\n\t\t","protected":false},"excerpt":{"rendered":"<p>D\u00e9couvrez Nos Livres LE M\u00e9TR\u00e9 AUX BOUTS DE DOIGTS D\u00e9tails LA NUIT LA PLUS LONGUE D\u00e9tails La puissance de l&#8217;isolement volontaire D\u00e9tails<\/p>\n","protected":false},"author":1,"featured_media":0,"parent":0,"menu_order":0,"comment_status":"closed","ping_status":"closed","template":"","meta":{"footnotes":""},"yoast_head":"<!-- This site is optimized with the Yoast SEO plugin v22.1 - https:\/\/yoast.com\/wordpress\/plugins\/seo\/ -->\n<title>Livres - Eyano Editions<\/title>\n<meta name=\"robots\" content=\"index, follow, max-snippet:-1, max-image-preview:large, max-video-preview:-1\" \/>\n<link rel=\"canonical\" href=\"https:\/\/eyanoeditions.com\/index.php\/nos-livres\/\" \/>\n<meta property=\"og:locale\" content=\"en_US\" \/>\n<meta property=\"og:type\" content=\"article\" \/>\n<meta property=\"og:title\" content=\"Livres - Eyano Editions\" \/>\n<meta property=\"og:description\" content=\"D\u00e9couvrez Nos Livres LE M\u00e9TR\u00e9 AUX BOUTS DE DOIGTS D\u00e9tails LA NUIT LA PLUS LONGUE D\u00e9tails La puissance de l&#8217;isolement volontaire D\u00e9tails\" \/>\n<meta property=\"og:url\" content=\"https:\/\/eyanoeditions.com\/index.php\/nos-livres\/\" \/>\n<meta property=\"og:site_name\" content=\"Eyano Editions\" \/>\n<meta property=\"article:modified_time\" content=\"2024-10-07T07:31:48+00:00\" \/>\n<meta property=\"og:image\" content=\"https:\/\/eyanoeditions.com\/wp-content\/uploads\/2024\/10\/IMG_1266.jpg\" \/>\n<meta name=\"twitter:card\" content=\"summary_large_image\" \/>\n<meta name=\"twitter:label1\" content=\"Est. reading time\" \/>\n\t<meta name=\"twitter:data1\" content=\"1 minute\" \/>\n<script type=\"application\/ld+json\" class=\"yoast-schema-graph\">{\"@context\":\"https:\/\/schema.org\",\"@graph\":[{\"@type\":\"WebPage\",\"@id\":\"https:\/\/eyanoeditions.com\/index.php\/nos-livres\/\",\"url\":\"https:\/\/eyanoeditions.com\/index.php\/nos-livres\/\",\"name\":\"Livres - Eyano Editions\",\"isPartOf\":{\"@id\":\"https:\/\/eyanoeditions.com\/#website\"},\"datePublished\":\"2024-02-18T07:32:26+00:00\",\"dateModified\":\"2024-10-07T07:31:48+00:00\",\"breadcrumb\":{\"@id\":\"https:\/\/eyanoeditions.com\/index.php\/nos-livres\/#breadcrumb\"},\"inLanguage\":\"en-US\",\"potentialAction\":[{\"@type\":\"ReadAction\",\"target\":[\"https:\/\/eyanoeditions.com\/index.php\/nos-livres\/\"]}]},{\"@type\":\"BreadcrumbList\",\"@id\":\"https:\/\/eyanoeditions.com\/index.php\/nos-livres\/#breadcrumb\",\"itemListElement\":[{\"@type\":\"ListItem\",\"position\":1,\"name\":\"Accueil\",\"item\":\"https:\/\/eyanoeditions.com\/\"},{\"@type\":\"ListItem\",\"position\":2,\"name\":\"Livres\"}]},{\"@type\":\"WebSite\",\"@id\":\"https:\/\/eyanoeditions.com\/#website\",\"url\":\"https:\/\/eyanoeditions.com\/\",\"name\":\"Eyano Editions\",\"description\":\"Partagez votre exp\u00e9rience avec nous !\",\"publisher\":{\"@id\":\"https:\/\/eyanoeditions.com\/#organization\"},\"potentialAction\":[{\"@type\":\"SearchAction\",\"target\":{\"@type\":\"EntryPoint\",\"urlTemplate\":\"https:\/\/eyanoeditions.com\/?s={search_term_string}\"},\"query-input\":\"required name=search_term_string\"}],\"inLanguage\":\"en-US\"},{\"@type\":\"Organization\",\"@id\":\"https:\/\/eyanoeditions.com\/#organization\",\"name\":\"Eyano Editions\",\"url\":\"https:\/\/eyanoeditions.com\/\",\"logo\":{\"@type\":\"ImageObject\",\"inLanguage\":\"en-US\",\"@id\":\"https:\/\/eyanoeditions.com\/#\/schema\/logo\/image\/\",\"url\":\"https:\/\/eyanoeditions.com\/wp-content\/uploads\/2024\/02\/cropped-Logo-Eyano-Editions-Jules-Bimabima.png\",\"contentUrl\":\"https:\/\/eyanoeditions.com\/wp-content\/uploads\/2024\/02\/cropped-Logo-Eyano-Editions-Jules-Bimabima.png\",\"width\":348,\"height\":157,\"caption\":\"Eyano Editions\"},\"image\":{\"@id\":\"https:\/\/eyanoeditions.com\/#\/schema\/logo\/image\/\"}}]}<\/script>\n<!-- \/ Yoast SEO plugin. -->","yoast_head_json":{"title":"Livres - Eyano Editions","robots":{"index":"index","follow":"follow","max-snippet":"max-snippet:-1","max-image-preview":"max-image-preview:large","max-video-preview":"max-video-preview:-1"},"canonical":"https:\/\/eyanoeditions.com\/index.php\/nos-livres\/","og_locale":"en_US","og_type":"article","og_title":"Livres - Eyano Editions","og_description":"D\u00e9couvrez Nos Livres LE M\u00e9TR\u00e9 AUX BOUTS DE DOIGTS D\u00e9tails LA NUIT LA PLUS LONGUE D\u00e9tails La puissance de l&#8217;isolement volontaire D\u00e9tails","og_url":"https:\/\/eyanoeditions.com\/index.php\/nos-livres\/","og_site_name":"Eyano Editions","article_modified_time":"2024-10-07T07:31:48+00:00","og_image":[{"url":"https:\/\/eyanoeditions.com\/wp-content\/uploads\/2024\/10\/IMG_1266.jpg"}],"twitter_card":"summary_large_image","twitter_misc":{"Est. reading time":"1 minute"},"schema":{"@context":"https:\/\/schema.org","@graph":[{"@type":"WebPage","@id":"https:\/\/eyanoeditions.com\/index.php\/nos-livres\/","url":"https:\/\/eyanoeditions.com\/index.php\/nos-livres\/","name":"Livres - Eyano Editions","isPartOf":{"@id":"https:\/\/eyanoeditions.com\/#website"},"datePublished":"2024-02-18T07:32:26+00:00","dateModified":"2024-10-07T07:31:48+00:00","breadcrumb":{"@id":"https:\/\/eyanoeditions.com\/index.php\/nos-livres\/#breadcrumb"},"inLanguage":"en-US","potentialAction":[{"@type":"ReadAction","target":["https:\/\/eyanoeditions.com\/index.php\/nos-livres\/"]}]},{"@type":"BreadcrumbList","@id":"https:\/\/eyanoeditions.com\/index.php\/nos-livres\/#breadcrumb","itemListElement":[{"@type":"ListItem","position":1,"name":"Accueil","item":"https:\/\/eyanoeditions.com\/"},{"@type":"ListItem","position":2,"name":"Livres"}]},{"@type":"WebSite","@id":"https:\/\/eyanoeditions.com\/#website","url":"https:\/\/eyanoeditions.com\/","name":"Eyano Editions","description":"Partagez votre exp\u00e9rience avec nous !","publisher":{"@id":"https:\/\/eyanoeditions.com\/#organization"},"potentialAction":[{"@type":"SearchAction","target":{"@type":"EntryPoint","urlTemplate":"https:\/\/eyanoeditions.com\/?s={search_term_string}"},"query-input":"required name=search_term_string"}],"inLanguage":"en-US"},{"@type":"Organization","@id":"https:\/\/eyanoeditions.com\/#organization","name":"Eyano Editions","url":"https:\/\/eyanoeditions.com\/","logo":{"@type":"ImageObject","inLanguage":"en-US","@id":"https:\/\/eyanoeditions.com\/#\/schema\/logo\/image\/","url":"https:\/\/eyanoeditions.com\/wp-content\/uploads\/2024\/02\/cropped-Logo-Eyano-Editions-Jules-Bimabima.png","contentUrl":"https:\/\/eyanoeditions.com\/wp-content\/uploads\/2024\/02\/cropped-Logo-Eyano-Editions-Jules-Bimabima.png","width":348,"height":157,"caption":"Eyano Editions"},"image":{"@id":"https:\/\/eyanoeditions.com\/#\/schema\/logo\/image\/"}}]}},"_links":{"self":[{"href":"https:\/\/eyanoeditions.com\/index.php\/wp-json\/wp\/v2\/pages\/12"}],"collection":[{"href":"https:\/\/eyanoeditions.com\/index.php\/wp-json\/wp\/v2\/pages"}],"about":[{"href":"https:\/\/eyanoeditions.com\/index.php\/wp-json\/wp\/v2\/types\/page"}],"author":[{"embeddable":true,"href":"https:\/\/eyanoeditions.com\/index.php\/wp-json\/wp\/v2\/users\/1"}],"replies":[{"embeddable":true,"href":"https:\/\/eyanoeditions.com\/index.php\/wp-json\/wp\/v2\/comments?post=12"}],"version-history":[{"count":65,"href":"https:\/\/eyanoeditions.com\/index.php\/wp-json\/wp\/v2\/pages\/12\/revisions"}],"predecessor-version":[{"id":764,"href":"https:\/\/eyanoeditions.com\/index.php\/wp-json\/wp\/v2\/pages\/12\/revisions\/764"}],"wp:attachment":[{"href":"https:\/\/eyanoeditions.com\/index.php\/wp-json\/wp\/v2\/media?parent=12"}],"curies":[{"name":"wp","href":"https:\/\/api.w.org\/{rel}","templated":true}]}}