{"id":14,"date":"2024-02-18T08:32:45","date_gmt":"2024-02-18T07:32:45","guid":{"rendered":"https:\/\/eyanoeditions.com\/?page_id=14"},"modified":"2024-10-07T11:32:45","modified_gmt":"2024-10-07T09:32:45","slug":"notre-politique","status":"publish","type":"page","link":"https:\/\/eyanoeditions.com\/index.php\/notre-politique\/","title":{"rendered":"Nos auteurs"},"content":{"rendered":"\t\t<div data-elementor-type=\"wp-page\" data-elementor-id=\"14\" class=\"elementor elementor-14\">\n\t\t\t\t<div class=\"elementor-element elementor-element-1a6ad5f e-flex e-con-boxed e-con e-parent\" data-id=\"1a6ad5f\" data-element_type=\"container\" data-settings=\"{&quot;content_width&quot;:&quot;boxed&quot;}\" data-core-v316-plus=\"true\">\n\t\t\t\t\t<div class=\"e-con-inner\">\n\t\t\t\t<div class=\"elementor-element elementor-element-3d3a7db elementor-invisible elementor-widget elementor-widget-heading\" data-id=\"3d3a7db\" data-element_type=\"widget\" data-settings=\"{&quot;_animation&quot;:&quot;fadeInDown&quot;}\" data-widget_type=\"heading.default\">\n\t\t\t\t<div class=\"elementor-widget-container\">\n\t\t\t<style>\/*! elementor - v3.19.0 - 07-02-2024 *\/\n.elementor-heading-title{padding:0;margin:0;line-height:1}.elementor-widget-heading .elementor-heading-title[class*=elementor-size-]>a{color:inherit;font-size:inherit;line-height:inherit}.elementor-widget-heading .elementor-heading-title.elementor-size-small{font-size:15px}.elementor-widget-heading .elementor-heading-title.elementor-size-medium{font-size:19px}.elementor-widget-heading .elementor-heading-title.elementor-size-large{font-size:29px}.elementor-widget-heading .elementor-heading-title.elementor-size-xl{font-size:39px}.elementor-widget-heading .elementor-heading-title.elementor-size-xxl{font-size:59px}<\/style><h2 class=\"elementor-heading-title elementor-size-default\">NOS AUTEURS<\/h2>\t\t<\/div>\n\t\t\t\t<\/div>\n\t\t\t\t<div class=\"elementor-element elementor-element-70a8769 elementor-widget-divider--view-line elementor-widget elementor-widget-divider\" data-id=\"70a8769\" data-element_type=\"widget\" data-widget_type=\"divider.default\">\n\t\t\t\t<div class=\"elementor-widget-container\">\n\t\t\t<style>\/*! elementor - v3.19.0 - 07-02-2024 *\/\n.elementor-widget-divider{--divider-border-style:none;--divider-border-width:1px;--divider-color:#0c0d0e;--divider-icon-size:20px;--divider-element-spacing:10px;--divider-pattern-height:24px;--divider-pattern-size:20px;--divider-pattern-url:none;--divider-pattern-repeat:repeat-x}.elementor-widget-divider .elementor-divider{display:flex}.elementor-widget-divider .elementor-divider__text{font-size:15px;line-height:1;max-width:95%}.elementor-widget-divider .elementor-divider__element{margin:0 var(--divider-element-spacing);flex-shrink:0}.elementor-widget-divider .elementor-icon{font-size:var(--divider-icon-size)}.elementor-widget-divider .elementor-divider-separator{display:flex;margin:0;direction:ltr}.elementor-widget-divider--view-line_icon .elementor-divider-separator,.elementor-widget-divider--view-line_text .elementor-divider-separator{align-items:center}.elementor-widget-divider--view-line_icon .elementor-divider-separator:after,.elementor-widget-divider--view-line_icon .elementor-divider-separator:before,.elementor-widget-divider--view-line_text .elementor-divider-separator:after,.elementor-widget-divider--view-line_text .elementor-divider-separator:before{display:block;content:\"\";border-block-end:0;flex-grow:1;border-block-start:var(--divider-border-width) var(--divider-border-style) var(--divider-color)}.elementor-widget-divider--element-align-left .elementor-divider .elementor-divider-separator>.elementor-divider__svg:first-of-type{flex-grow:0;flex-shrink:100}.elementor-widget-divider--element-align-left .elementor-divider-separator:before{content:none}.elementor-widget-divider--element-align-left .elementor-divider__element{margin-left:0}.elementor-widget-divider--element-align-right .elementor-divider .elementor-divider-separator>.elementor-divider__svg:last-of-type{flex-grow:0;flex-shrink:100}.elementor-widget-divider--element-align-right .elementor-divider-separator:after{content:none}.elementor-widget-divider--element-align-right .elementor-divider__element{margin-right:0}.elementor-widget-divider--element-align-start .elementor-divider .elementor-divider-separator>.elementor-divider__svg:first-of-type{flex-grow:0;flex-shrink:100}.elementor-widget-divider--element-align-start .elementor-divider-separator:before{content:none}.elementor-widget-divider--element-align-start .elementor-divider__element{margin-inline-start:0}.elementor-widget-divider--element-align-end .elementor-divider .elementor-divider-separator>.elementor-divider__svg:last-of-type{flex-grow:0;flex-shrink:100}.elementor-widget-divider--element-align-end .elementor-divider-separator:after{content:none}.elementor-widget-divider--element-align-end .elementor-divider__element{margin-inline-end:0}.elementor-widget-divider:not(.elementor-widget-divider--view-line_text):not(.elementor-widget-divider--view-line_icon) .elementor-divider-separator{border-block-start:var(--divider-border-width) var(--divider-border-style) var(--divider-color)}.elementor-widget-divider--separator-type-pattern{--divider-border-style:none}.elementor-widget-divider--separator-type-pattern.elementor-widget-divider--view-line .elementor-divider-separator,.elementor-widget-divider--separator-type-pattern:not(.elementor-widget-divider--view-line) .elementor-divider-separator:after,.elementor-widget-divider--separator-type-pattern:not(.elementor-widget-divider--view-line) .elementor-divider-separator:before,.elementor-widget-divider--separator-type-pattern:not([class*=elementor-widget-divider--view]) .elementor-divider-separator{width:100%;min-height:var(--divider-pattern-height);-webkit-mask-size:var(--divider-pattern-size) 100%;mask-size:var(--divider-pattern-size) 100%;-webkit-mask-repeat:var(--divider-pattern-repeat);mask-repeat:var(--divider-pattern-repeat);background-color:var(--divider-color);-webkit-mask-image:var(--divider-pattern-url);mask-image:var(--divider-pattern-url)}.elementor-widget-divider--no-spacing{--divider-pattern-size:auto}.elementor-widget-divider--bg-round{--divider-pattern-repeat:round}.rtl .elementor-widget-divider .elementor-divider__text{direction:rtl}.e-con-inner>.elementor-widget-divider,.e-con>.elementor-widget-divider{width:var(--container-widget-width,100%);--flex-grow:var(--container-widget-flex-grow)}<\/style>\t\t<div class=\"elementor-divider\">\n\t\t\t<span class=\"elementor-divider-separator\">\n\t\t\t\t\t\t<\/span>\n\t\t<\/div>\n\t\t\t\t<\/div>\n\t\t\t\t<\/div>\n\t\t\t\t\t<\/div>\n\t\t\t\t<\/div>\n\t\t<div class=\"elementor-element elementor-element-484f751 e-flex e-con-boxed elementor-invisible e-con e-parent\" data-id=\"484f751\" data-element_type=\"container\" data-settings=\"{&quot;animation&quot;:&quot;slideInDown&quot;,&quot;content_width&quot;:&quot;boxed&quot;}\" data-core-v316-plus=\"true\">\n\t\t\t\t\t<div class=\"e-con-inner\">\n\t\t<div class=\"elementor-element elementor-element-8241b99 e-flex e-con-boxed e-con e-child\" data-id=\"8241b99\" data-element_type=\"container\" data-settings=\"{&quot;content_width&quot;:&quot;boxed&quot;}\">\n\t\t\t\t\t<div class=\"e-con-inner\">\n\t\t<div class=\"elementor-element elementor-element-0036db0 e-con-full e-flex e-con e-child\" data-id=\"0036db0\" data-element_type=\"container\" data-settings=\"{&quot;content_width&quot;:&quot;full&quot;}\">\n\t\t\t\t<div class=\"elementor-element elementor-element-105d992 elementor-widget elementor-widget-image\" data-id=\"105d992\" data-element_type=\"widget\" data-widget_type=\"image.default\">\n\t\t\t\t<div class=\"elementor-widget-container\">\n\t\t\t<style>\/*! elementor - v3.19.0 - 07-02-2024 *\/\n.elementor-widget-image{text-align:center}.elementor-widget-image a{display:inline-block}.elementor-widget-image a img[src$=\".svg\"]{width:48px}.elementor-widget-image img{vertical-align:middle;display:inline-block}<\/style>\t\t\t\t\t\t\t\t\t\t<img fetchpriority=\"high\" decoding=\"async\" width=\"640\" height=\"960\" src=\"https:\/\/eyanoeditions.com\/wp-content\/uploads\/2024\/10\/IMG_1304.jpg\" class=\"attachment-large size-large wp-image-774\" alt=\"\" srcset=\"https:\/\/eyanoeditions.com\/wp-content\/uploads\/2024\/10\/IMG_1304.jpg 640w, https:\/\/eyanoeditions.com\/wp-content\/uploads\/2024\/10\/IMG_1304-200x300.jpg 200w\" sizes=\"(max-width: 640px) 100vw, 640px\" \/>\t\t\t\t\t\t\t\t\t\t\t\t\t<\/div>\n\t\t\t\t<\/div>\n\t\t\t\t<div class=\"elementor-element elementor-element-5126088 elementor-widget elementor-widget-heading\" data-id=\"5126088\" data-element_type=\"widget\" data-widget_type=\"heading.default\">\n\t\t\t\t<div class=\"elementor-widget-container\">\n\t\t\t<h2 class=\"elementor-heading-title elementor-size-default\">AUTEURE <\/h2>\t\t<\/div>\n\t\t\t\t<\/div>\n\t\t\t\t<\/div>\n\t\t<div class=\"elementor-element elementor-element-ae9d0bd e-con-full e-flex e-con e-child\" data-id=\"ae9d0bd\" data-element_type=\"container\" data-settings=\"{&quot;content_width&quot;:&quot;full&quot;,&quot;background_background&quot;:&quot;classic&quot;}\">\n\t\t\t\t<div class=\"elementor-element elementor-element-5a564f4 elementor-widget elementor-widget-heading\" data-id=\"5a564f4\" data-element_type=\"widget\" data-widget_type=\"heading.default\">\n\t\t\t\t<div class=\"elementor-widget-container\">\n\t\t\t<h2 class=\"elementor-heading-title elementor-size-default\">Kyalika Mumeka Cynthia<\/h2>\t\t<\/div>\n\t\t\t\t<\/div>\n\t\t\t\t<div class=\"elementor-element elementor-element-084587f elementor-widget elementor-widget-text-editor\" data-id=\"084587f\" data-element_type=\"widget\" data-widget_type=\"text-editor.default\">\n\t\t\t\t<div class=\"elementor-widget-container\">\n\t\t\t<style>\/*! elementor - v3.19.0 - 07-02-2024 *\/\n.elementor-widget-text-editor.elementor-drop-cap-view-stacked .elementor-drop-cap{background-color:#69727d;color:#fff}.elementor-widget-text-editor.elementor-drop-cap-view-framed .elementor-drop-cap{color:#69727d;border:3px solid;background-color:transparent}.elementor-widget-text-editor:not(.elementor-drop-cap-view-default) .elementor-drop-cap{margin-top:8px}.elementor-widget-text-editor:not(.elementor-drop-cap-view-default) .elementor-drop-cap-letter{width:1em;height:1em}.elementor-widget-text-editor .elementor-drop-cap{float:left;text-align:center;line-height:1;font-size:50px}.elementor-widget-text-editor .elementor-drop-cap-letter{display:inline-block}<\/style>\t\t\t\t<p>Madame Cynthia est <b>entrepreneure<\/b> et cofondatrice de l&#8217;entreprise <b>JENGO BORA SARL <\/b>et propri\u00e9taire de l&#8217;\u00e9tablissement de beaut\u00e9<b> BUSUMA Hair<\/b>.\u00a0<b style=\"font-size: 16px; color: var( --e-global-color-text ); letter-spacing: 0px; word-spacing: 0em;\">Assistante \u00e0 l\u2019Universit\u00e9 de Lubumbashi<\/b><span style=\"font-size: 16px; color: var( --e-global-color-text ); letter-spacing: 0px; word-spacing: 0em;\"> apr\u00e8s <\/span><b style=\"font-size: 16px; color: var( --e-global-color-text ); letter-spacing: 0px; word-spacing: 0em;\">trois distinctions<\/b><span style=\"font-size: 16px; color: var( --e-global-color-text ); letter-spacing: 0px; word-spacing: 0em;\"> durant son parcours universitaire \u00e0 l\u2019Ecole Sup\u00e9rieure des ing\u00e9nieurs industriels. Elle est pr\u00e9sentement candidate <\/span><b style=\"font-size: 16px; color: var( --e-global-color-text ); letter-spacing: 0px; word-spacing: 0em;\">doctorante \u00e0 University of South Africa<\/b><span style=\"font-size: 16px; color: var( --e-global-color-text ); letter-spacing: 0px; word-spacing: 0em;\"> apr\u00e8s y avoir gravi son <\/span><b style=\"font-size: 16px; color: var( --e-global-color-text ); letter-spacing: 0px; word-spacing: 0em;\">\u00ab Magister Technologiae \u00bb<\/b><\/p>\t\t\t\t\t\t<\/div>\n\t\t\t\t<\/div>\n\t\t\t\t<div class=\"elementor-element elementor-element-aa8e75f elementor-widget elementor-widget-button\" data-id=\"aa8e75f\" data-element_type=\"widget\" data-widget_type=\"button.default\">\n\t\t\t\t<div class=\"elementor-widget-container\">\n\t\t\t\t\t<div class=\"elementor-button-wrapper\">\n\t\t\t<a class=\"elementor-button elementor-button-link elementor-size-sm\" href=\"https:\/\/eyanoeditions.com\/index.php\/kyalika\/\">\n\t\t\t\t\t\t<span class=\"elementor-button-content-wrapper\">\n\t\t\t\t\t\t<span class=\"elementor-button-text\">En savoir plus...<\/span>\n\t\t<\/span>\n\t\t\t\t\t<\/a>\n\t\t<\/div>\n\t\t\t\t<\/div>\n\t\t\t\t<\/div>\n\t\t\t\t<\/div>\n\t\t\t\t\t<\/div>\n\t\t\t\t<\/div>\n\t\t\t\t\t<\/div>\n\t\t\t\t<\/div>\n\t\t<div class=\"elementor-element elementor-element-b351b1d e-flex e-con-boxed elementor-invisible e-con e-parent\" data-id=\"b351b1d\" data-element_type=\"container\" data-settings=\"{&quot;animation&quot;:&quot;slideInDown&quot;,&quot;content_width&quot;:&quot;boxed&quot;}\" data-core-v316-plus=\"true\">\n\t\t\t\t\t<div class=\"e-con-inner\">\n\t\t<div class=\"elementor-element elementor-element-9027653 e-flex e-con-boxed e-con e-child\" data-id=\"9027653\" data-element_type=\"container\" data-settings=\"{&quot;content_width&quot;:&quot;boxed&quot;}\">\n\t\t\t\t\t<div class=\"e-con-inner\">\n\t\t<div class=\"elementor-element elementor-element-d16c1fe e-con-full e-flex e-con e-child\" data-id=\"d16c1fe\" data-element_type=\"container\" data-settings=\"{&quot;content_width&quot;:&quot;full&quot;}\">\n\t\t\t\t<div class=\"elementor-element elementor-element-20f016c elementor-widget elementor-widget-image\" data-id=\"20f016c\" data-element_type=\"widget\" data-widget_type=\"image.default\">\n\t\t\t\t<div class=\"elementor-widget-container\">\n\t\t\t\t\t\t\t\t\t\t\t\t\t<img decoding=\"async\" width=\"960\" height=\"960\" src=\"https:\/\/eyanoeditions.com\/wp-content\/uploads\/2024\/10\/IMG_0643.jpg\" class=\"attachment-large size-large wp-image-771\" alt=\"\" srcset=\"https:\/\/eyanoeditions.com\/wp-content\/uploads\/2024\/10\/IMG_0643.jpg 960w, https:\/\/eyanoeditions.com\/wp-content\/uploads\/2024\/10\/IMG_0643-300x300.jpg 300w, https:\/\/eyanoeditions.com\/wp-content\/uploads\/2024\/10\/IMG_0643-150x150.jpg 150w, https:\/\/eyanoeditions.com\/wp-content\/uploads\/2024\/10\/IMG_0643-768x768.jpg 768w, https:\/\/eyanoeditions.com\/wp-content\/uploads\/2024\/10\/IMG_0643-600x600.jpg 600w, https:\/\/eyanoeditions.com\/wp-content\/uploads\/2024\/10\/IMG_0643-75x75.jpg 75w\" sizes=\"(max-width: 960px) 100vw, 960px\" \/>\t\t\t\t\t\t\t\t\t\t\t\t\t<\/div>\n\t\t\t\t<\/div>\n\t\t\t\t<div class=\"elementor-element elementor-element-4c365d7 elementor-widget elementor-widget-heading\" data-id=\"4c365d7\" data-element_type=\"widget\" data-widget_type=\"heading.default\">\n\t\t\t\t<div class=\"elementor-widget-container\">\n\t\t\t<h2 class=\"elementor-heading-title elementor-size-default\">AUTEUR<\/h2>\t\t<\/div>\n\t\t\t\t<\/div>\n\t\t\t\t<\/div>\n\t\t<div class=\"elementor-element elementor-element-5759647 e-con-full e-flex e-con e-child\" data-id=\"5759647\" data-element_type=\"container\" data-settings=\"{&quot;content_width&quot;:&quot;full&quot;,&quot;background_background&quot;:&quot;classic&quot;}\">\n\t\t\t\t<div class=\"elementor-element elementor-element-5d5d468 elementor-widget elementor-widget-heading\" data-id=\"5d5d468\" data-element_type=\"widget\" data-widget_type=\"heading.default\">\n\t\t\t\t<div class=\"elementor-widget-container\">\n\t\t\t<h2 class=\"elementor-heading-title elementor-size-default\">Jules BIMABIMA<\/h2>\t\t<\/div>\n\t\t\t\t<\/div>\n\t\t\t\t<div class=\"elementor-element elementor-element-98b5df2 elementor-widget elementor-widget-text-editor\" data-id=\"98b5df2\" data-element_type=\"widget\" data-widget_type=\"text-editor.default\">\n\t\t\t\t<div class=\"elementor-widget-container\">\n\t\t\t\t\t\t\t<p>Entrepreneur passion\u00e9, Ing\u00e9nieur en G\u00e9nie Civil de formation et Directeur d&#8217;\u00e9dition chez Eyano Editions qui sp\u00e9cialis\u00e9e dans l&#8217;\u00e9dition et la distribution de livres pour favoriser la croissance personnelle du congolais.<\/p><p>Auteurs talentueux, Jules a publi\u00e9 deux livres captivant, &#8220;<strong>LA NUIT LA PLUS LONGUE<\/strong>&#8221; &amp; &#8220;<strong>LA PUISSANCE DE L&#8217;ISOLEMENT VOLONTAIRE<\/strong>&#8220;, disponible sur <span style=\"text-decoration: underline;\"><strong>Amazone.fr<\/strong><\/span> et dans les points de distribution d&#8217;Eyano Editions.<\/p>\t\t\t\t\t\t<\/div>\n\t\t\t\t<\/div>\n\t\t\t\t<div class=\"elementor-element elementor-element-947154a elementor-widget elementor-widget-button\" data-id=\"947154a\" data-element_type=\"widget\" data-widget_type=\"button.default\">\n\t\t\t\t<div class=\"elementor-widget-container\">\n\t\t\t\t\t<div class=\"elementor-button-wrapper\">\n\t\t\t<a class=\"elementor-button elementor-button-link elementor-size-sm\" href=\"https:\/\/eyanoeditions.com\/index.php\/auteur_jules\/\">\n\t\t\t\t\t\t<span class=\"elementor-button-content-wrapper\">\n\t\t\t\t\t\t<span class=\"elementor-button-text\">En savoir plus...<\/span>\n\t\t<\/span>\n\t\t\t\t\t<\/a>\n\t\t<\/div>\n\t\t\t\t<\/div>\n\t\t\t\t<\/div>\n\t\t\t\t<\/div>\n\t\t\t\t\t<\/div>\n\t\t\t\t<\/div>\n\t\t\t\t\t<\/div>\n\t\t\t\t<\/div>\n\t\t\t\t<\/div>\n\t\t","protected":false},"excerpt":{"rendered":"<p>NOS AUTEURS AUTEURE Kyalika Mumeka Cynthia Madame Cynthia est entrepreneure et cofondatrice de l&#8217;entreprise JENGO BORA SARL et propri\u00e9taire de l&#8217;\u00e9tablissement de beaut\u00e9 BUSUMA Hair.\u00a0Assistante \u00e0 l\u2019Universit\u00e9 de Lubumbashi apr\u00e8s trois distinctions durant son parcours universitaire \u00e0 l\u2019Ecole Sup\u00e9rieure des ing\u00e9nieurs industriels. Elle est pr\u00e9sentement candidate doctorante \u00e0 University of South Africa apr\u00e8s y avoir [&hellip;]<\/p>\n","protected":false},"author":1,"featured_media":0,"parent":0,"menu_order":0,"comment_status":"closed","ping_status":"closed","template":"","meta":{"footnotes":""},"yoast_head":"<!-- This site is optimized with the Yoast SEO plugin v22.1 - https:\/\/yoast.com\/wordpress\/plugins\/seo\/ -->\n<title>Nos auteurs - Eyano Editions<\/title>\n<meta name=\"robots\" content=\"index, follow, max-snippet:-1, max-image-preview:large, max-video-preview:-1\" \/>\n<link rel=\"canonical\" href=\"https:\/\/eyanoeditions.com\/index.php\/notre-politique\/\" \/>\n<meta property=\"og:locale\" content=\"en_US\" \/>\n<meta property=\"og:type\" content=\"article\" \/>\n<meta property=\"og:title\" content=\"Nos auteurs - Eyano Editions\" \/>\n<meta property=\"og:description\" content=\"NOS AUTEURS AUTEURE Kyalika Mumeka Cynthia Madame Cynthia est entrepreneure et cofondatrice de l&#8217;entreprise JENGO BORA SARL et propri\u00e9taire de l&#8217;\u00e9tablissement de beaut\u00e9 BUSUMA Hair.\u00a0Assistante \u00e0 l\u2019Universit\u00e9 de Lubumbashi apr\u00e8s trois distinctions durant son parcours universitaire \u00e0 l\u2019Ecole Sup\u00e9rieure des ing\u00e9nieurs industriels. Elle est pr\u00e9sentement candidate doctorante \u00e0 University of South Africa apr\u00e8s y avoir [&hellip;]\" \/>\n<meta property=\"og:url\" content=\"https:\/\/eyanoeditions.com\/index.php\/notre-politique\/\" \/>\n<meta property=\"og:site_name\" content=\"Eyano Editions\" \/>\n<meta property=\"article:modified_time\" content=\"2024-10-07T09:32:45+00:00\" \/>\n<meta property=\"og:image\" content=\"https:\/\/eyanoeditions.com\/wp-content\/uploads\/2024\/10\/IMG_1304.jpg\" \/>\n<meta name=\"twitter:card\" content=\"summary_large_image\" \/>\n<meta name=\"twitter:label1\" content=\"Est. reading time\" \/>\n\t<meta name=\"twitter:data1\" content=\"1 minute\" \/>\n<script type=\"application\/ld+json\" class=\"yoast-schema-graph\">{\"@context\":\"https:\/\/schema.org\",\"@graph\":[{\"@type\":\"WebPage\",\"@id\":\"https:\/\/eyanoeditions.com\/index.php\/notre-politique\/\",\"url\":\"https:\/\/eyanoeditions.com\/index.php\/notre-politique\/\",\"name\":\"Nos auteurs - Eyano Editions\",\"isPartOf\":{\"@id\":\"https:\/\/eyanoeditions.com\/#website\"},\"datePublished\":\"2024-02-18T07:32:45+00:00\",\"dateModified\":\"2024-10-07T09:32:45+00:00\",\"breadcrumb\":{\"@id\":\"https:\/\/eyanoeditions.com\/index.php\/notre-politique\/#breadcrumb\"},\"inLanguage\":\"en-US\",\"potentialAction\":[{\"@type\":\"ReadAction\",\"target\":[\"https:\/\/eyanoeditions.com\/index.php\/notre-politique\/\"]}]},{\"@type\":\"BreadcrumbList\",\"@id\":\"https:\/\/eyanoeditions.com\/index.php\/notre-politique\/#breadcrumb\",\"itemListElement\":[{\"@type\":\"ListItem\",\"position\":1,\"name\":\"Accueil\",\"item\":\"https:\/\/eyanoeditions.com\/\"},{\"@type\":\"ListItem\",\"position\":2,\"name\":\"Nos auteurs\"}]},{\"@type\":\"WebSite\",\"@id\":\"https:\/\/eyanoeditions.com\/#website\",\"url\":\"https:\/\/eyanoeditions.com\/\",\"name\":\"Eyano Editions\",\"description\":\"Partagez votre exp\u00e9rience avec nous !\",\"publisher\":{\"@id\":\"https:\/\/eyanoeditions.com\/#organization\"},\"potentialAction\":[{\"@type\":\"SearchAction\",\"target\":{\"@type\":\"EntryPoint\",\"urlTemplate\":\"https:\/\/eyanoeditions.com\/?s={search_term_string}\"},\"query-input\":\"required name=search_term_string\"}],\"inLanguage\":\"en-US\"},{\"@type\":\"Organization\",\"@id\":\"https:\/\/eyanoeditions.com\/#organization\",\"name\":\"Eyano Editions\",\"url\":\"https:\/\/eyanoeditions.com\/\",\"logo\":{\"@type\":\"ImageObject\",\"inLanguage\":\"en-US\",\"@id\":\"https:\/\/eyanoeditions.com\/#\/schema\/logo\/image\/\",\"url\":\"https:\/\/eyanoeditions.com\/wp-content\/uploads\/2024\/02\/cropped-Logo-Eyano-Editions-Jules-Bimabima.png\",\"contentUrl\":\"https:\/\/eyanoeditions.com\/wp-content\/uploads\/2024\/02\/cropped-Logo-Eyano-Editions-Jules-Bimabima.png\",\"width\":348,\"height\":157,\"caption\":\"Eyano Editions\"},\"image\":{\"@id\":\"https:\/\/eyanoeditions.com\/#\/schema\/logo\/image\/\"}}]}<\/script>\n<!-- \/ Yoast SEO plugin. -->","yoast_head_json":{"title":"Nos auteurs - Eyano Editions","robots":{"index":"index","follow":"follow","max-snippet":"max-snippet:-1","max-image-preview":"max-image-preview:large","max-video-preview":"max-video-preview:-1"},"canonical":"https:\/\/eyanoeditions.com\/index.php\/notre-politique\/","og_locale":"en_US","og_type":"article","og_title":"Nos auteurs - Eyano Editions","og_description":"NOS AUTEURS AUTEURE Kyalika Mumeka Cynthia Madame Cynthia est entrepreneure et cofondatrice de l&#8217;entreprise JENGO BORA SARL et propri\u00e9taire de l&#8217;\u00e9tablissement de beaut\u00e9 BUSUMA Hair.\u00a0Assistante \u00e0 l\u2019Universit\u00e9 de Lubumbashi apr\u00e8s trois distinctions durant son parcours universitaire \u00e0 l\u2019Ecole Sup\u00e9rieure des ing\u00e9nieurs industriels. Elle est pr\u00e9sentement candidate doctorante \u00e0 University of South Africa apr\u00e8s y avoir [&hellip;]","og_url":"https:\/\/eyanoeditions.com\/index.php\/notre-politique\/","og_site_name":"Eyano Editions","article_modified_time":"2024-10-07T09:32:45+00:00","og_image":[{"url":"https:\/\/eyanoeditions.com\/wp-content\/uploads\/2024\/10\/IMG_1304.jpg"}],"twitter_card":"summary_large_image","twitter_misc":{"Est. reading time":"1 minute"},"schema":{"@context":"https:\/\/schema.org","@graph":[{"@type":"WebPage","@id":"https:\/\/eyanoeditions.com\/index.php\/notre-politique\/","url":"https:\/\/eyanoeditions.com\/index.php\/notre-politique\/","name":"Nos auteurs - Eyano Editions","isPartOf":{"@id":"https:\/\/eyanoeditions.com\/#website"},"datePublished":"2024-02-18T07:32:45+00:00","dateModified":"2024-10-07T09:32:45+00:00","breadcrumb":{"@id":"https:\/\/eyanoeditions.com\/index.php\/notre-politique\/#breadcrumb"},"inLanguage":"en-US","potentialAction":[{"@type":"ReadAction","target":["https:\/\/eyanoeditions.com\/index.php\/notre-politique\/"]}]},{"@type":"BreadcrumbList","@id":"https:\/\/eyanoeditions.com\/index.php\/notre-politique\/#breadcrumb","itemListElement":[{"@type":"ListItem","position":1,"name":"Accueil","item":"https:\/\/eyanoeditions.com\/"},{"@type":"ListItem","position":2,"name":"Nos auteurs"}]},{"@type":"WebSite","@id":"https:\/\/eyanoeditions.com\/#website","url":"https:\/\/eyanoeditions.com\/","name":"Eyano Editions","description":"Partagez votre exp\u00e9rience avec nous !","publisher":{"@id":"https:\/\/eyanoeditions.com\/#organization"},"potentialAction":[{"@type":"SearchAction","target":{"@type":"EntryPoint","urlTemplate":"https:\/\/eyanoeditions.com\/?s={search_term_string}"},"query-input":"required name=search_term_string"}],"inLanguage":"en-US"},{"@type":"Organization","@id":"https:\/\/eyanoeditions.com\/#organization","name":"Eyano Editions","url":"https:\/\/eyanoeditions.com\/","logo":{"@type":"ImageObject","inLanguage":"en-US","@id":"https:\/\/eyanoeditions.com\/#\/schema\/logo\/image\/","url":"https:\/\/eyanoeditions.com\/wp-content\/uploads\/2024\/02\/cropped-Logo-Eyano-Editions-Jules-Bimabima.png","contentUrl":"https:\/\/eyanoeditions.com\/wp-content\/uploads\/2024\/02\/cropped-Logo-Eyano-Editions-Jules-Bimabima.png","width":348,"height":157,"caption":"Eyano Editions"},"image":{"@id":"https:\/\/eyanoeditions.com\/#\/schema\/logo\/image\/"}}]}},"_links":{"self":[{"href":"https:\/\/eyanoeditions.com\/index.php\/wp-json\/wp\/v2\/pages\/14"}],"collection":[{"href":"https:\/\/eyanoeditions.com\/index.php\/wp-json\/wp\/v2\/pages"}],"about":[{"href":"https:\/\/eyanoeditions.com\/index.php\/wp-json\/wp\/v2\/types\/page"}],"author":[{"embeddable":true,"href":"https:\/\/eyanoeditions.com\/index.php\/wp-json\/wp\/v2\/users\/1"}],"replies":[{"embeddable":true,"href":"https:\/\/eyanoeditions.com\/index.php\/wp-json\/wp\/v2\/comments?post=14"}],"version-history":[{"count":66,"href":"https:\/\/eyanoeditions.com\/index.php\/wp-json\/wp\/v2\/pages\/14\/revisions"}],"predecessor-version":[{"id":789,"href":"https:\/\/eyanoeditions.com\/index.php\/wp-json\/wp\/v2\/pages\/14\/revisions\/789"}],"wp:attachment":[{"href":"https:\/\/eyanoeditions.com\/index.php\/wp-json\/wp\/v2\/media?parent=14"}],"curies":[{"name":"wp","href":"https:\/\/api.w.org\/{rel}","templated":true}]}}