{"id":283,"date":"2024-02-20T12:24:36","date_gmt":"2024-02-20T11:24:36","guid":{"rendered":"https:\/\/eyanoeditions.com\/?page_id=283"},"modified":"2024-10-07T11:44:07","modified_gmt":"2024-10-07T09:44:07","slug":"notre-politique-2","status":"publish","type":"page","link":"https:\/\/eyanoeditions.com\/index.php\/notre-politique-2\/","title":{"rendered":"Politique d&#8217;\u00e9dition"},"content":{"rendered":"\t\t<div data-elementor-type=\"wp-page\" data-elementor-id=\"283\" class=\"elementor elementor-283\">\n\t\t\t\t<div class=\"elementor-element elementor-element-51ffda4 e-flex e-con-boxed e-con e-parent\" data-id=\"51ffda4\" data-element_type=\"container\" data-settings=\"{&quot;content_width&quot;:&quot;boxed&quot;}\" data-core-v316-plus=\"true\">\n\t\t\t\t\t<div class=\"e-con-inner\">\n\t\t<div class=\"elementor-element elementor-element-fb208c0 e-con-full e-flex e-con e-child\" data-id=\"fb208c0\" data-element_type=\"container\" data-settings=\"{&quot;content_width&quot;:&quot;full&quot;}\">\n\t\t\t\t<div class=\"elementor-element elementor-element-57513a3 elementor-widget elementor-widget-image\" data-id=\"57513a3\" data-element_type=\"widget\" data-widget_type=\"image.default\">\n\t\t\t\t<div class=\"elementor-widget-container\">\n\t\t\t<style>\/*! elementor - v3.19.0 - 07-02-2024 *\/\n.elementor-widget-image{text-align:center}.elementor-widget-image a{display:inline-block}.elementor-widget-image a img[src$=\".svg\"]{width:48px}.elementor-widget-image img{vertical-align:middle;display:inline-block}<\/style>\t\t\t\t\t\t\t\t\t\t<img fetchpriority=\"high\" decoding=\"async\" width=\"683\" height=\"1024\" src=\"https:\/\/eyanoeditions.com\/wp-content\/uploads\/2024\/10\/IMG_1263-683x1024.jpg\" class=\"attachment-large size-large wp-image-721\" alt=\"\" srcset=\"https:\/\/eyanoeditions.com\/wp-content\/uploads\/2024\/10\/IMG_1263-683x1024.jpg 683w, https:\/\/eyanoeditions.com\/wp-content\/uploads\/2024\/10\/IMG_1263-200x300.jpg 200w, https:\/\/eyanoeditions.com\/wp-content\/uploads\/2024\/10\/IMG_1263-768x1151.jpg 768w, https:\/\/eyanoeditions.com\/wp-content\/uploads\/2024\/10\/IMG_1263.jpg 1001w\" sizes=\"(max-width: 683px) 100vw, 683px\" \/>\t\t\t\t\t\t\t\t\t\t\t\t\t<\/div>\n\t\t\t\t<\/div>\n\t\t\t\t<\/div>\n\t\t<div class=\"elementor-element elementor-element-0b14314 e-con-full e-flex e-con e-child\" data-id=\"0b14314\" data-element_type=\"container\" data-settings=\"{&quot;content_width&quot;:&quot;full&quot;}\">\n\t\t\t\t<div class=\"elementor-element elementor-element-80fcf69 elementor-widget elementor-widget-text-editor\" data-id=\"80fcf69\" data-element_type=\"widget\" data-widget_type=\"text-editor.default\">\n\t\t\t\t<div class=\"elementor-widget-container\">\n\t\t\t<style>\/*! elementor - v3.19.0 - 07-02-2024 *\/\n.elementor-widget-text-editor.elementor-drop-cap-view-stacked .elementor-drop-cap{background-color:#69727d;color:#fff}.elementor-widget-text-editor.elementor-drop-cap-view-framed .elementor-drop-cap{color:#69727d;border:3px solid;background-color:transparent}.elementor-widget-text-editor:not(.elementor-drop-cap-view-default) .elementor-drop-cap{margin-top:8px}.elementor-widget-text-editor:not(.elementor-drop-cap-view-default) .elementor-drop-cap-letter{width:1em;height:1em}.elementor-widget-text-editor .elementor-drop-cap{float:left;text-align:center;line-height:1;font-size:50px}.elementor-widget-text-editor .elementor-drop-cap-letter{display:inline-block}<\/style>\t\t\t\t<p dir=\"ltr\" style=\"line-height: 1.7999999999999998; margin-top: 0pt; margin-bottom: 0pt;\"><span style=\"font-size: 10pt; font-family: Verdana, sans-serif; color: #000000; background-color: transparent; font-style: normal; font-variant: normal; text-decoration: none; vertical-align: baseline; white-space: pre-wrap;\"><b>Politique d\u2019\u00e9dition<\/b><\/span><\/p>\n<p><b style=\"font-weight: normal;\">&nbsp;<\/b><\/p>\n<p dir=\"ltr\" style=\"line-height: 1.7999999999999998; margin-top: 0pt; margin-bottom: 0pt;\"><span style=\"font-size: 10pt; font-family: Verdana,sans-serif; color: #000000; background-color: transparent; font-weight: 400; font-style: normal; font-variant: normal; text-decoration: none; vertical-align: baseline; white-space: pre-wrap;\">Nous sommes une maison d\u2019\u00e9dition \u00e0 double opportunit\u00e9 : nous proposons de l\u2019\u00e9dition \u00e0 compte Auteur ainsi qu\u2019\u00e0 compte Editeur \u00e0 condition que les ouvrages respectent notre politique qui se concentre principalement sur deux grands genres litt\u00e9raires :<\/span><\/p>\n<p><b style=\"font-weight: normal;\">&nbsp;<\/b><\/p>\n<p dir=\"ltr\" style=\"line-height: 1.7999999999999998; margin-top: 0pt; margin-bottom: 0pt;\"><span style=\"font-size: 10pt; font-family: Verdana,sans-serif; color: #000000; background-color: transparent; font-weight: 400; font-style: normal; font-variant: normal; text-decoration: none; vertical-align: baseline; white-space: pre-wrap;\">1. Le genre Argumentatif :<\/span><\/p>\n<p dir=\"ltr\" style=\"line-height: 1.7999999999999998; margin-top: 0pt; margin-bottom: 0pt;\"><span style=\"font-size: 10pt; font-family: Verdana,sans-serif; color: #000000; background-color: transparent; font-weight: 400; font-style: normal; font-variant: normal; text-decoration: none; vertical-align: baseline; white-space: pre-wrap;\">&nbsp;&nbsp;&nbsp;&#8211; Essais : Des \u0153uvres qui stimulent la pens\u00e9e critique et offrent des perspectives uniques sur des sujets vari\u00e9s sp\u00e9cifiquement africains.<\/span><\/p>\n<p dir=\"ltr\" style=\"line-height: 1.7999999999999998; margin-top: 0pt; margin-bottom: 0pt;\"><span style=\"font-size: 10pt; font-family: Verdana,sans-serif; color: #000000; background-color: transparent; font-weight: 400; font-style: normal; font-variant: normal; text-decoration: none; vertical-align: baseline; white-space: pre-wrap;\">&nbsp;&nbsp;&nbsp;&#8211; Livres de r\u00e9f\u00e9rence : Des ouvrages indispensables pour les \u00e9tudiants, les chercheurs et tous ceux qui cherchent \u00e0 approfondir leurs connaissances.<\/span><\/p>\n<p><b style=\"font-weight: normal;\">&nbsp;<\/b><\/p>\n<p dir=\"ltr\" style=\"line-height: 1.7999999999999998; margin-top: 0pt; margin-bottom: 0pt;\"><span style=\"font-size: 10pt; font-family: Verdana,sans-serif; color: #000000; background-color: transparent; font-weight: 400; font-style: normal; font-variant: normal; text-decoration: none; vertical-align: baseline; white-space: pre-wrap;\">2. Le genre Narratif sp\u00e9cifiquement le Roman avec une gamme de sous-genres qui incluent :<\/span><\/p>\n<p dir=\"ltr\" style=\"line-height: 1.7999999999999998; margin-top: 0pt; margin-bottom: 0pt;\"><span style=\"font-size: 10pt; font-family: Verdana,sans-serif; color: #000000; background-color: transparent; font-weight: 400; font-style: normal; font-variant: normal; text-decoration: none; vertical-align: baseline; white-space: pre-wrap;\">&nbsp;&nbsp;&nbsp;&nbsp;&nbsp;&#8211; T\u00e9moignages : R\u00e9cits poignants de vies v\u00e9cues, offrant des aper\u00e7us authentiques et personnels.<\/span><\/p>\n<p dir=\"ltr\" style=\"line-height: 1.7999999999999998; margin-top: 0pt; margin-bottom: 0pt;\"><span style=\"font-size: 10pt; font-family: Verdana,sans-serif; color: #000000; background-color: transparent; font-weight: 400; font-style: normal; font-variant: normal; text-decoration: none; vertical-align: baseline; white-space: pre-wrap;\">&nbsp;&nbsp;&nbsp;&nbsp;&nbsp;&#8211; Entretiens : Dialogues captivants avec des personnalit\u00e9s noires ou africaines influentes et inspirantes.<\/span><\/p>\n<p dir=\"ltr\" style=\"line-height: 1.7999999999999998; margin-top: 0pt; margin-bottom: 0pt;\"><span style=\"font-size: 10pt; font-family: Verdana,sans-serif; color: #000000; background-color: transparent; font-weight: 400; font-style: normal; font-variant: normal; text-decoration: none; vertical-align: baseline; white-space: pre-wrap;\">&nbsp;&nbsp;&nbsp;&nbsp;&nbsp;&#8211; Drabbles : Histoires africaines concises et percutantes de 100 mots.<\/span><\/p>\n<p dir=\"ltr\" style=\"line-height: 1.7999999999999998; margin-top: 0pt; margin-bottom: 0pt;\"><span style=\"font-size: 10pt; font-family: Verdana,sans-serif; color: #000000; background-color: transparent; font-weight: 400; font-style: normal; font-variant: normal; text-decoration: none; vertical-align: baseline; white-space: pre-wrap;\">&nbsp;&nbsp;&nbsp;&nbsp;&nbsp;&#8211; Contes : Narrations intemporelles dans un contexte africain qui enchantent les lecteurs de tous \u00e2ges.<\/span><\/p>\n<p dir=\"ltr\" style=\"line-height: 1.7999999999999998; margin-top: 0pt; margin-bottom: 0pt;\"><span style=\"font-size: 10pt; font-family: Verdana,sans-serif; color: #000000; background-color: transparent; font-weight: 400; font-style: normal; font-variant: normal; text-decoration: none; vertical-align: baseline; white-space: pre-wrap;\">&nbsp;&nbsp;&nbsp;&nbsp;&nbsp;&#8211; Autofiction : M\u00e9lange de faits r\u00e9els et de fiction, o\u00f9 les auteurs explorent leur propre vie \u00e0 travers une lentille narrative.<\/span><\/p>\n<p dir=\"ltr\" style=\"line-height: 1.7999999999999998; margin-top: 0pt; margin-bottom: 0pt;\"><span style=\"font-size: 10pt; font-family: Verdana,sans-serif; color: #000000; background-color: transparent; font-weight: 400; font-style: normal; font-variant: normal; text-decoration: none; vertical-align: baseline; white-space: pre-wrap;\">&nbsp;&nbsp;&nbsp;&nbsp;&nbsp;&#8211; M\u00e9moires et biographies : Des r\u00e9cits d\u00e9taill\u00e9s de vies extraordinaires des personnes noires ou africaines, qu&#8217;elles soient c\u00e9l\u00e8bres ou m\u00e9connues.<\/span><\/p>\n<p><\/p>\n<p dir=\"ltr\" style=\"line-height: 1.7999999999999998; margin-top: 0pt; margin-bottom: 0pt;\"><span style=\"font-size: 10pt; font-family: Verdana,sans-serif; color: #000000; background-color: transparent; font-weight: 400; font-style: normal; font-variant: normal; text-decoration: none; vertical-align: baseline; white-space: pre-wrap;\">&nbsp;&nbsp;&nbsp;&nbsp;&nbsp;&#8211; Romans d&#8217;aventures et historiques : Histoires palpitantes qui transportent les lecteurs \u00e0 travers le temps et l&#8217;espace mettant au centre les histoires africaines.<\/span><\/p>\t\t\t\t\t\t<\/div>\n\t\t\t\t<\/div>\n\t\t\t\t<\/div>\n\t\t\t\t\t<\/div>\n\t\t\t\t<\/div>\n\t\t\t\t<\/div>\n\t\t","protected":false},"excerpt":{"rendered":"<p>Politique d\u2019\u00e9dition &nbsp; Nous sommes une maison d\u2019\u00e9dition \u00e0 double opportunit\u00e9 : nous proposons de l\u2019\u00e9dition \u00e0 compte Auteur ainsi qu\u2019\u00e0 compte Editeur \u00e0 condition que les ouvrages respectent notre politique qui se concentre principalement sur deux grands genres litt\u00e9raires : &nbsp; 1. Le genre Argumentatif : &nbsp;&nbsp;&nbsp;&#8211; Essais : Des \u0153uvres qui stimulent la [&hellip;]<\/p>\n","protected":false},"author":1,"featured_media":0,"parent":0,"menu_order":0,"comment_status":"closed","ping_status":"closed","template":"","meta":{"footnotes":""},"yoast_head":"<!-- This site is optimized with the Yoast SEO plugin v22.1 - https:\/\/yoast.com\/wordpress\/plugins\/seo\/ -->\n<title>Politique d&#039;\u00e9dition - Eyano Editions<\/title>\n<meta name=\"robots\" content=\"index, follow, max-snippet:-1, max-image-preview:large, max-video-preview:-1\" \/>\n<link rel=\"canonical\" href=\"https:\/\/eyanoeditions.com\/index.php\/notre-politique-2\/\" \/>\n<meta property=\"og:locale\" content=\"en_US\" \/>\n<meta property=\"og:type\" content=\"article\" \/>\n<meta property=\"og:title\" content=\"Politique d&#039;\u00e9dition - Eyano Editions\" \/>\n<meta property=\"og:description\" content=\"Politique d\u2019\u00e9dition &nbsp; Nous sommes une maison d\u2019\u00e9dition \u00e0 double opportunit\u00e9 : nous proposons de l\u2019\u00e9dition \u00e0 compte Auteur ainsi qu\u2019\u00e0 compte Editeur \u00e0 condition que les ouvrages respectent notre politique qui se concentre principalement sur deux grands genres litt\u00e9raires : &nbsp; 1. Le genre Argumentatif : &nbsp;&nbsp;&nbsp;&#8211; Essais : Des \u0153uvres qui stimulent la [&hellip;]\" \/>\n<meta property=\"og:url\" content=\"https:\/\/eyanoeditions.com\/index.php\/notre-politique-2\/\" \/>\n<meta property=\"og:site_name\" content=\"Eyano Editions\" \/>\n<meta property=\"article:modified_time\" content=\"2024-10-07T09:44:07+00:00\" \/>\n<meta property=\"og:image\" content=\"https:\/\/eyanoeditions.com\/wp-content\/uploads\/2024\/10\/IMG_1263-683x1024.jpg\" \/>\n<meta name=\"twitter:card\" content=\"summary_large_image\" \/>\n<meta name=\"twitter:label1\" content=\"Est. reading time\" \/>\n\t<meta name=\"twitter:data1\" content=\"2 minutes\" \/>\n<script type=\"application\/ld+json\" class=\"yoast-schema-graph\">{\"@context\":\"https:\/\/schema.org\",\"@graph\":[{\"@type\":\"WebPage\",\"@id\":\"https:\/\/eyanoeditions.com\/index.php\/notre-politique-2\/\",\"url\":\"https:\/\/eyanoeditions.com\/index.php\/notre-politique-2\/\",\"name\":\"Politique d'\u00e9dition - Eyano Editions\",\"isPartOf\":{\"@id\":\"https:\/\/eyanoeditions.com\/#website\"},\"datePublished\":\"2024-02-20T11:24:36+00:00\",\"dateModified\":\"2024-10-07T09:44:07+00:00\",\"breadcrumb\":{\"@id\":\"https:\/\/eyanoeditions.com\/index.php\/notre-politique-2\/#breadcrumb\"},\"inLanguage\":\"en-US\",\"potentialAction\":[{\"@type\":\"ReadAction\",\"target\":[\"https:\/\/eyanoeditions.com\/index.php\/notre-politique-2\/\"]}]},{\"@type\":\"BreadcrumbList\",\"@id\":\"https:\/\/eyanoeditions.com\/index.php\/notre-politique-2\/#breadcrumb\",\"itemListElement\":[{\"@type\":\"ListItem\",\"position\":1,\"name\":\"Accueil\",\"item\":\"https:\/\/eyanoeditions.com\/\"},{\"@type\":\"ListItem\",\"position\":2,\"name\":\"Politique d&#8217;\u00e9dition\"}]},{\"@type\":\"WebSite\",\"@id\":\"https:\/\/eyanoeditions.com\/#website\",\"url\":\"https:\/\/eyanoeditions.com\/\",\"name\":\"Eyano Editions\",\"description\":\"Partagez votre exp\u00e9rience avec nous !\",\"publisher\":{\"@id\":\"https:\/\/eyanoeditions.com\/#organization\"},\"potentialAction\":[{\"@type\":\"SearchAction\",\"target\":{\"@type\":\"EntryPoint\",\"urlTemplate\":\"https:\/\/eyanoeditions.com\/?s={search_term_string}\"},\"query-input\":\"required name=search_term_string\"}],\"inLanguage\":\"en-US\"},{\"@type\":\"Organization\",\"@id\":\"https:\/\/eyanoeditions.com\/#organization\",\"name\":\"Eyano Editions\",\"url\":\"https:\/\/eyanoeditions.com\/\",\"logo\":{\"@type\":\"ImageObject\",\"inLanguage\":\"en-US\",\"@id\":\"https:\/\/eyanoeditions.com\/#\/schema\/logo\/image\/\",\"url\":\"https:\/\/eyanoeditions.com\/wp-content\/uploads\/2024\/02\/cropped-Logo-Eyano-Editions-Jules-Bimabima.png\",\"contentUrl\":\"https:\/\/eyanoeditions.com\/wp-content\/uploads\/2024\/02\/cropped-Logo-Eyano-Editions-Jules-Bimabima.png\",\"width\":348,\"height\":157,\"caption\":\"Eyano Editions\"},\"image\":{\"@id\":\"https:\/\/eyanoeditions.com\/#\/schema\/logo\/image\/\"}}]}<\/script>\n<!-- \/ Yoast SEO plugin. -->","yoast_head_json":{"title":"Politique d'\u00e9dition - Eyano Editions","robots":{"index":"index","follow":"follow","max-snippet":"max-snippet:-1","max-image-preview":"max-image-preview:large","max-video-preview":"max-video-preview:-1"},"canonical":"https:\/\/eyanoeditions.com\/index.php\/notre-politique-2\/","og_locale":"en_US","og_type":"article","og_title":"Politique d'\u00e9dition - Eyano Editions","og_description":"Politique d\u2019\u00e9dition &nbsp; Nous sommes une maison d\u2019\u00e9dition \u00e0 double opportunit\u00e9 : nous proposons de l\u2019\u00e9dition \u00e0 compte Auteur ainsi qu\u2019\u00e0 compte Editeur \u00e0 condition que les ouvrages respectent notre politique qui se concentre principalement sur deux grands genres litt\u00e9raires : &nbsp; 1. Le genre Argumentatif : &nbsp;&nbsp;&nbsp;&#8211; Essais : Des \u0153uvres qui stimulent la [&hellip;]","og_url":"https:\/\/eyanoeditions.com\/index.php\/notre-politique-2\/","og_site_name":"Eyano Editions","article_modified_time":"2024-10-07T09:44:07+00:00","og_image":[{"url":"https:\/\/eyanoeditions.com\/wp-content\/uploads\/2024\/10\/IMG_1263-683x1024.jpg"}],"twitter_card":"summary_large_image","twitter_misc":{"Est. reading time":"2 minutes"},"schema":{"@context":"https:\/\/schema.org","@graph":[{"@type":"WebPage","@id":"https:\/\/eyanoeditions.com\/index.php\/notre-politique-2\/","url":"https:\/\/eyanoeditions.com\/index.php\/notre-politique-2\/","name":"Politique d'\u00e9dition - Eyano Editions","isPartOf":{"@id":"https:\/\/eyanoeditions.com\/#website"},"datePublished":"2024-02-20T11:24:36+00:00","dateModified":"2024-10-07T09:44:07+00:00","breadcrumb":{"@id":"https:\/\/eyanoeditions.com\/index.php\/notre-politique-2\/#breadcrumb"},"inLanguage":"en-US","potentialAction":[{"@type":"ReadAction","target":["https:\/\/eyanoeditions.com\/index.php\/notre-politique-2\/"]}]},{"@type":"BreadcrumbList","@id":"https:\/\/eyanoeditions.com\/index.php\/notre-politique-2\/#breadcrumb","itemListElement":[{"@type":"ListItem","position":1,"name":"Accueil","item":"https:\/\/eyanoeditions.com\/"},{"@type":"ListItem","position":2,"name":"Politique d&#8217;\u00e9dition"}]},{"@type":"WebSite","@id":"https:\/\/eyanoeditions.com\/#website","url":"https:\/\/eyanoeditions.com\/","name":"Eyano Editions","description":"Partagez votre exp\u00e9rience avec nous !","publisher":{"@id":"https:\/\/eyanoeditions.com\/#organization"},"potentialAction":[{"@type":"SearchAction","target":{"@type":"EntryPoint","urlTemplate":"https:\/\/eyanoeditions.com\/?s={search_term_string}"},"query-input":"required name=search_term_string"}],"inLanguage":"en-US"},{"@type":"Organization","@id":"https:\/\/eyanoeditions.com\/#organization","name":"Eyano Editions","url":"https:\/\/eyanoeditions.com\/","logo":{"@type":"ImageObject","inLanguage":"en-US","@id":"https:\/\/eyanoeditions.com\/#\/schema\/logo\/image\/","url":"https:\/\/eyanoeditions.com\/wp-content\/uploads\/2024\/02\/cropped-Logo-Eyano-Editions-Jules-Bimabima.png","contentUrl":"https:\/\/eyanoeditions.com\/wp-content\/uploads\/2024\/02\/cropped-Logo-Eyano-Editions-Jules-Bimabima.png","width":348,"height":157,"caption":"Eyano Editions"},"image":{"@id":"https:\/\/eyanoeditions.com\/#\/schema\/logo\/image\/"}}]}},"_links":{"self":[{"href":"https:\/\/eyanoeditions.com\/index.php\/wp-json\/wp\/v2\/pages\/283"}],"collection":[{"href":"https:\/\/eyanoeditions.com\/index.php\/wp-json\/wp\/v2\/pages"}],"about":[{"href":"https:\/\/eyanoeditions.com\/index.php\/wp-json\/wp\/v2\/types\/page"}],"author":[{"embeddable":true,"href":"https:\/\/eyanoeditions.com\/index.php\/wp-json\/wp\/v2\/users\/1"}],"replies":[{"embeddable":true,"href":"https:\/\/eyanoeditions.com\/index.php\/wp-json\/wp\/v2\/comments?post=283"}],"version-history":[{"count":5,"href":"https:\/\/eyanoeditions.com\/index.php\/wp-json\/wp\/v2\/pages\/283\/revisions"}],"predecessor-version":[{"id":797,"href":"https:\/\/eyanoeditions.com\/index.php\/wp-json\/wp\/v2\/pages\/283\/revisions\/797"}],"wp:attachment":[{"href":"https:\/\/eyanoeditions.com\/index.php\/wp-json\/wp\/v2\/media?parent=283"}],"curies":[{"name":"wp","href":"https:\/\/api.w.org\/{rel}","templated":true}]}}