{"id":385,"date":"2024-02-20T17:13:49","date_gmt":"2024-02-20T16:13:49","guid":{"rendered":"https:\/\/eyanoeditions.com\/?page_id=385"},"modified":"2024-10-07T09:44:57","modified_gmt":"2024-10-07T07:44:57","slug":"le-metre-aux-bouts-de-doigts","status":"publish","type":"page","link":"https:\/\/eyanoeditions.com\/index.php\/le-metre-aux-bouts-de-doigts\/","title":{"rendered":"Le M\u00e9tr\u00e9 aux bouts des doigts"},"content":{"rendered":"\t\t<div data-elementor-type=\"wp-page\" data-elementor-id=\"385\" class=\"elementor elementor-385\">\n\t\t\t\t<div class=\"elementor-element elementor-element-71bc51f e-flex e-con-boxed e-con e-parent\" data-id=\"71bc51f\" data-element_type=\"container\" data-settings=\"{&quot;content_width&quot;:&quot;boxed&quot;}\" data-core-v316-plus=\"true\">\n\t\t\t\t\t<div class=\"e-con-inner\">\n\t\t<div class=\"elementor-element elementor-element-b0c9886 e-con-full e-flex e-con e-child\" data-id=\"b0c9886\" data-element_type=\"container\" data-settings=\"{&quot;content_width&quot;:&quot;full&quot;}\">\n\t\t\t\t<div class=\"elementor-element elementor-element-dd79084 elementor-widget elementor-widget-image\" data-id=\"dd79084\" data-element_type=\"widget\" data-widget_type=\"image.default\">\n\t\t\t\t<div class=\"elementor-widget-container\">\n\t\t\t<style>\/*! elementor - v3.19.0 - 07-02-2024 *\/\n.elementor-widget-image{text-align:center}.elementor-widget-image a{display:inline-block}.elementor-widget-image a img[src$=\".svg\"]{width:48px}.elementor-widget-image img{vertical-align:middle;display:inline-block}<\/style>\t\t\t\t\t\t\t\t\t\t<img fetchpriority=\"high\" decoding=\"async\" width=\"923\" height=\"675\" src=\"https:\/\/eyanoeditions.com\/wp-content\/uploads\/2024\/10\/IMG_1266.jpg\" class=\"attachment-large size-large wp-image-738\" alt=\"\" srcset=\"https:\/\/eyanoeditions.com\/wp-content\/uploads\/2024\/10\/IMG_1266.jpg 923w, https:\/\/eyanoeditions.com\/wp-content\/uploads\/2024\/10\/IMG_1266-300x219.jpg 300w, https:\/\/eyanoeditions.com\/wp-content\/uploads\/2024\/10\/IMG_1266-768x562.jpg 768w\" sizes=\"(max-width: 923px) 100vw, 923px\" \/>\t\t\t\t\t\t\t\t\t\t\t\t\t<\/div>\n\t\t\t\t<\/div>\n\t\t\t\t<\/div>\n\t\t<div class=\"elementor-element elementor-element-f908547 e-con-full e-flex e-con e-child\" data-id=\"f908547\" data-element_type=\"container\" data-settings=\"{&quot;content_width&quot;:&quot;full&quot;}\">\n\t\t\t\t<div class=\"elementor-element elementor-element-8c8c671 elementor-widget elementor-widget-heading\" data-id=\"8c8c671\" data-element_type=\"widget\" data-widget_type=\"heading.default\">\n\t\t\t\t<div class=\"elementor-widget-container\">\n\t\t\t<style>\/*! elementor - v3.19.0 - 07-02-2024 *\/\n.elementor-heading-title{padding:0;margin:0;line-height:1}.elementor-widget-heading .elementor-heading-title[class*=elementor-size-]>a{color:inherit;font-size:inherit;line-height:inherit}.elementor-widget-heading .elementor-heading-title.elementor-size-small{font-size:15px}.elementor-widget-heading .elementor-heading-title.elementor-size-medium{font-size:19px}.elementor-widget-heading .elementor-heading-title.elementor-size-large{font-size:29px}.elementor-widget-heading .elementor-heading-title.elementor-size-xl{font-size:39px}.elementor-widget-heading .elementor-heading-title.elementor-size-xxl{font-size:59px}<\/style><h2 class=\"elementor-heading-title elementor-size-default\">AUTEURe<\/h2>\t\t<\/div>\n\t\t\t\t<\/div>\n\t\t\t\t<div class=\"elementor-element elementor-element-44b0eee elementor-widget elementor-widget-text-editor\" data-id=\"44b0eee\" data-element_type=\"widget\" data-widget_type=\"text-editor.default\">\n\t\t\t\t<div class=\"elementor-widget-container\">\n\t\t\t<style>\/*! elementor - v3.19.0 - 07-02-2024 *\/\n.elementor-widget-text-editor.elementor-drop-cap-view-stacked .elementor-drop-cap{background-color:#69727d;color:#fff}.elementor-widget-text-editor.elementor-drop-cap-view-framed .elementor-drop-cap{color:#69727d;border:3px solid;background-color:transparent}.elementor-widget-text-editor:not(.elementor-drop-cap-view-default) .elementor-drop-cap{margin-top:8px}.elementor-widget-text-editor:not(.elementor-drop-cap-view-default) .elementor-drop-cap-letter{width:1em;height:1em}.elementor-widget-text-editor .elementor-drop-cap{float:left;text-align:center;line-height:1;font-size:50px}.elementor-widget-text-editor .elementor-drop-cap-letter{display:inline-block}<\/style>\t\t\t\t<p>KYALIKA MUMEKA Cynthia<\/p>\t\t\t\t\t\t<\/div>\n\t\t\t\t<\/div>\n\t\t\t\t<\/div>\n\t\t\t\t\t<\/div>\n\t\t\t\t<\/div>\n\t\t<div class=\"elementor-element elementor-element-5ae282c e-flex e-con-boxed e-con e-parent\" data-id=\"5ae282c\" data-element_type=\"container\" data-settings=\"{&quot;content_width&quot;:&quot;boxed&quot;}\" data-core-v316-plus=\"true\">\n\t\t\t\t\t<div class=\"e-con-inner\">\n\t\t\t\t<div class=\"elementor-element elementor-element-449001c elementor-widget elementor-widget-heading\" data-id=\"449001c\" data-element_type=\"widget\" data-widget_type=\"heading.default\">\n\t\t\t\t<div class=\"elementor-widget-container\">\n\t\t\t<h2 class=\"elementor-heading-title elementor-size-default\">Description<\/h2>\t\t<\/div>\n\t\t\t\t<\/div>\n\t\t\t\t\t<\/div>\n\t\t\t\t<\/div>\n\t\t<div class=\"elementor-element elementor-element-9ac5924 e-flex e-con-boxed e-con e-parent\" data-id=\"9ac5924\" data-element_type=\"container\" data-settings=\"{&quot;content_width&quot;:&quot;boxed&quot;}\" data-core-v316-plus=\"true\">\n\t\t\t\t\t<div class=\"e-con-inner\">\n\t\t\t\t<div class=\"elementor-element elementor-element-bb4de0d elementor-widget elementor-widget-text-editor\" data-id=\"bb4de0d\" data-element_type=\"widget\" data-widget_type=\"text-editor.default\">\n\t\t\t\t<div class=\"elementor-widget-container\">\n\t\t\t\t\t\t\t<blockquote><p style=\"text-align: left;\"><span style=\"color: #0f1111; font-family: 'Amazon Ember', Arial, sans-serif; font-size: 14px; font-style: normal; font-variant-ligatures: normal; font-variant-caps: normal; font-weight: 400; text-align: start;\">La r\u00e9ussite des projets de constructions de type &#8220;clef en main&#8221; requiert la ma\u00eetrise quasi parfaite des m\u00e9thodes d&#8217;analyse quantitative et qualitative des mat\u00e9riaux permettant \u00e0 l&#8217;entrepreneur d&#8217;\u00e9tablir des devis bien \u00e9valu\u00e9s \u00e0 l&#8217;intention du ma\u00eetre d&#8217;ouvrage. La s\u00e9curit\u00e9 juridique et financi\u00e8re des deux parties au projet est \u00e0 cette condition. \u00c0 cet \u00e9gard, ce livre est une contribution majeure \u00e0 l&#8217;ing\u00e9nieurie des projets de constructions en tant qu&#8217;il met \u00e0 la disposition des entrepreneurs et autres acteurs du domaine de la construction des outils th\u00e9oriques et pratiques leur permettant de r\u00e9aliser sereinement leur part de march\u00e9.<\/span><\/p><\/blockquote>\t\t\t\t\t\t<\/div>\n\t\t\t\t<\/div>\n\t\t\t\t\t<\/div>\n\t\t\t\t<\/div>\n\t\t<div class=\"elementor-element elementor-element-831a5c1 e-flex e-con-boxed e-con e-parent\" data-id=\"831a5c1\" data-element_type=\"container\" data-settings=\"{&quot;content_width&quot;:&quot;boxed&quot;}\" data-core-v316-plus=\"true\">\n\t\t\t\t\t<div class=\"e-con-inner\">\n\t\t\t\t<div class=\"elementor-element elementor-element-3ecab67 elementor-align-center elementor-widget elementor-widget-button\" data-id=\"3ecab67\" data-element_type=\"widget\" data-widget_type=\"button.default\">\n\t\t\t\t<div class=\"elementor-widget-container\">\n\t\t\t\t\t<div class=\"elementor-button-wrapper\">\n\t\t\t<a class=\"elementor-button elementor-button-link elementor-size-sm\" href=\"https:\/\/api.whatsapp.com\/send?phone=243834840720\">\n\t\t\t\t\t\t<span class=\"elementor-button-content-wrapper\">\n\t\t\t\t\t\t<span class=\"elementor-button-text\">Commander<\/span>\n\t\t<\/span>\n\t\t\t\t\t<\/a>\n\t\t<\/div>\n\t\t\t\t<\/div>\n\t\t\t\t<\/div>\n\t\t\t\t\t<\/div>\n\t\t\t\t<\/div>\n\t\t\t\t<\/div>\n\t\t","protected":false},"excerpt":{"rendered":"<p>AUTEURe KYALIKA MUMEKA Cynthia Description La r\u00e9ussite des projets de constructions de type &#8220;clef en main&#8221; requiert la ma\u00eetrise quasi parfaite des m\u00e9thodes d&#8217;analyse quantitative et qualitative des mat\u00e9riaux permettant \u00e0 l&#8217;entrepreneur d&#8217;\u00e9tablir des devis bien \u00e9valu\u00e9s \u00e0 l&#8217;intention du ma\u00eetre d&#8217;ouvrage. La s\u00e9curit\u00e9 juridique et financi\u00e8re des deux parties au projet est \u00e0 cette [&hellip;]<\/p>\n","protected":false},"author":1,"featured_media":0,"parent":0,"menu_order":0,"comment_status":"closed","ping_status":"closed","template":"","meta":{"footnotes":""},"yoast_head":"<!-- This site is optimized with the Yoast SEO plugin v22.1 - https:\/\/yoast.com\/wordpress\/plugins\/seo\/ -->\n<title>Le M\u00e9tr\u00e9 aux bouts des doigts - Eyano Editions<\/title>\n<meta name=\"robots\" content=\"index, follow, max-snippet:-1, max-image-preview:large, max-video-preview:-1\" \/>\n<link rel=\"canonical\" href=\"https:\/\/eyanoeditions.com\/index.php\/le-metre-aux-bouts-de-doigts\/\" \/>\n<meta property=\"og:locale\" content=\"en_US\" \/>\n<meta property=\"og:type\" content=\"article\" \/>\n<meta property=\"og:title\" content=\"Le M\u00e9tr\u00e9 aux bouts des doigts - Eyano Editions\" \/>\n<meta property=\"og:description\" content=\"AUTEURe KYALIKA MUMEKA Cynthia Description La r\u00e9ussite des projets de constructions de type &#8220;clef en main&#8221; requiert la ma\u00eetrise quasi parfaite des m\u00e9thodes d&#8217;analyse quantitative et qualitative des mat\u00e9riaux permettant \u00e0 l&#8217;entrepreneur d&#8217;\u00e9tablir des devis bien \u00e9valu\u00e9s \u00e0 l&#8217;intention du ma\u00eetre d&#8217;ouvrage. La s\u00e9curit\u00e9 juridique et financi\u00e8re des deux parties au projet est \u00e0 cette [&hellip;]\" \/>\n<meta property=\"og:url\" content=\"https:\/\/eyanoeditions.com\/index.php\/le-metre-aux-bouts-de-doigts\/\" \/>\n<meta property=\"og:site_name\" content=\"Eyano Editions\" \/>\n<meta property=\"article:modified_time\" content=\"2024-10-07T07:44:57+00:00\" \/>\n<meta property=\"og:image\" content=\"https:\/\/eyanoeditions.com\/wp-content\/uploads\/2024\/10\/IMG_1266.jpg\" \/>\n<meta name=\"twitter:card\" content=\"summary_large_image\" \/>\n<meta name=\"twitter:label1\" content=\"Est. reading time\" \/>\n\t<meta name=\"twitter:data1\" content=\"1 minute\" \/>\n<script type=\"application\/ld+json\" class=\"yoast-schema-graph\">{\"@context\":\"https:\/\/schema.org\",\"@graph\":[{\"@type\":\"WebPage\",\"@id\":\"https:\/\/eyanoeditions.com\/index.php\/le-metre-aux-bouts-de-doigts\/\",\"url\":\"https:\/\/eyanoeditions.com\/index.php\/le-metre-aux-bouts-de-doigts\/\",\"name\":\"Le M\u00e9tr\u00e9 aux bouts des doigts - Eyano Editions\",\"isPartOf\":{\"@id\":\"https:\/\/eyanoeditions.com\/#website\"},\"datePublished\":\"2024-02-20T16:13:49+00:00\",\"dateModified\":\"2024-10-07T07:44:57+00:00\",\"breadcrumb\":{\"@id\":\"https:\/\/eyanoeditions.com\/index.php\/le-metre-aux-bouts-de-doigts\/#breadcrumb\"},\"inLanguage\":\"en-US\",\"potentialAction\":[{\"@type\":\"ReadAction\",\"target\":[\"https:\/\/eyanoeditions.com\/index.php\/le-metre-aux-bouts-de-doigts\/\"]}]},{\"@type\":\"BreadcrumbList\",\"@id\":\"https:\/\/eyanoeditions.com\/index.php\/le-metre-aux-bouts-de-doigts\/#breadcrumb\",\"itemListElement\":[{\"@type\":\"ListItem\",\"position\":1,\"name\":\"Accueil\",\"item\":\"https:\/\/eyanoeditions.com\/\"},{\"@type\":\"ListItem\",\"position\":2,\"name\":\"Le M\u00e9tr\u00e9 aux bouts des doigts\"}]},{\"@type\":\"WebSite\",\"@id\":\"https:\/\/eyanoeditions.com\/#website\",\"url\":\"https:\/\/eyanoeditions.com\/\",\"name\":\"Eyano Editions\",\"description\":\"Partagez votre exp\u00e9rience avec nous !\",\"publisher\":{\"@id\":\"https:\/\/eyanoeditions.com\/#organization\"},\"potentialAction\":[{\"@type\":\"SearchAction\",\"target\":{\"@type\":\"EntryPoint\",\"urlTemplate\":\"https:\/\/eyanoeditions.com\/?s={search_term_string}\"},\"query-input\":\"required name=search_term_string\"}],\"inLanguage\":\"en-US\"},{\"@type\":\"Organization\",\"@id\":\"https:\/\/eyanoeditions.com\/#organization\",\"name\":\"Eyano Editions\",\"url\":\"https:\/\/eyanoeditions.com\/\",\"logo\":{\"@type\":\"ImageObject\",\"inLanguage\":\"en-US\",\"@id\":\"https:\/\/eyanoeditions.com\/#\/schema\/logo\/image\/\",\"url\":\"https:\/\/eyanoeditions.com\/wp-content\/uploads\/2024\/02\/cropped-Logo-Eyano-Editions-Jules-Bimabima.png\",\"contentUrl\":\"https:\/\/eyanoeditions.com\/wp-content\/uploads\/2024\/02\/cropped-Logo-Eyano-Editions-Jules-Bimabima.png\",\"width\":348,\"height\":157,\"caption\":\"Eyano Editions\"},\"image\":{\"@id\":\"https:\/\/eyanoeditions.com\/#\/schema\/logo\/image\/\"}}]}<\/script>\n<!-- \/ Yoast SEO plugin. -->","yoast_head_json":{"title":"Le M\u00e9tr\u00e9 aux bouts des doigts - Eyano Editions","robots":{"index":"index","follow":"follow","max-snippet":"max-snippet:-1","max-image-preview":"max-image-preview:large","max-video-preview":"max-video-preview:-1"},"canonical":"https:\/\/eyanoeditions.com\/index.php\/le-metre-aux-bouts-de-doigts\/","og_locale":"en_US","og_type":"article","og_title":"Le M\u00e9tr\u00e9 aux bouts des doigts - Eyano Editions","og_description":"AUTEURe KYALIKA MUMEKA Cynthia Description La r\u00e9ussite des projets de constructions de type &#8220;clef en main&#8221; requiert la ma\u00eetrise quasi parfaite des m\u00e9thodes d&#8217;analyse quantitative et qualitative des mat\u00e9riaux permettant \u00e0 l&#8217;entrepreneur d&#8217;\u00e9tablir des devis bien \u00e9valu\u00e9s \u00e0 l&#8217;intention du ma\u00eetre d&#8217;ouvrage. La s\u00e9curit\u00e9 juridique et financi\u00e8re des deux parties au projet est \u00e0 cette [&hellip;]","og_url":"https:\/\/eyanoeditions.com\/index.php\/le-metre-aux-bouts-de-doigts\/","og_site_name":"Eyano Editions","article_modified_time":"2024-10-07T07:44:57+00:00","og_image":[{"url":"https:\/\/eyanoeditions.com\/wp-content\/uploads\/2024\/10\/IMG_1266.jpg"}],"twitter_card":"summary_large_image","twitter_misc":{"Est. reading time":"1 minute"},"schema":{"@context":"https:\/\/schema.org","@graph":[{"@type":"WebPage","@id":"https:\/\/eyanoeditions.com\/index.php\/le-metre-aux-bouts-de-doigts\/","url":"https:\/\/eyanoeditions.com\/index.php\/le-metre-aux-bouts-de-doigts\/","name":"Le M\u00e9tr\u00e9 aux bouts des doigts - Eyano Editions","isPartOf":{"@id":"https:\/\/eyanoeditions.com\/#website"},"datePublished":"2024-02-20T16:13:49+00:00","dateModified":"2024-10-07T07:44:57+00:00","breadcrumb":{"@id":"https:\/\/eyanoeditions.com\/index.php\/le-metre-aux-bouts-de-doigts\/#breadcrumb"},"inLanguage":"en-US","potentialAction":[{"@type":"ReadAction","target":["https:\/\/eyanoeditions.com\/index.php\/le-metre-aux-bouts-de-doigts\/"]}]},{"@type":"BreadcrumbList","@id":"https:\/\/eyanoeditions.com\/index.php\/le-metre-aux-bouts-de-doigts\/#breadcrumb","itemListElement":[{"@type":"ListItem","position":1,"name":"Accueil","item":"https:\/\/eyanoeditions.com\/"},{"@type":"ListItem","position":2,"name":"Le M\u00e9tr\u00e9 aux bouts des doigts"}]},{"@type":"WebSite","@id":"https:\/\/eyanoeditions.com\/#website","url":"https:\/\/eyanoeditions.com\/","name":"Eyano Editions","description":"Partagez votre exp\u00e9rience avec nous !","publisher":{"@id":"https:\/\/eyanoeditions.com\/#organization"},"potentialAction":[{"@type":"SearchAction","target":{"@type":"EntryPoint","urlTemplate":"https:\/\/eyanoeditions.com\/?s={search_term_string}"},"query-input":"required name=search_term_string"}],"inLanguage":"en-US"},{"@type":"Organization","@id":"https:\/\/eyanoeditions.com\/#organization","name":"Eyano Editions","url":"https:\/\/eyanoeditions.com\/","logo":{"@type":"ImageObject","inLanguage":"en-US","@id":"https:\/\/eyanoeditions.com\/#\/schema\/logo\/image\/","url":"https:\/\/eyanoeditions.com\/wp-content\/uploads\/2024\/02\/cropped-Logo-Eyano-Editions-Jules-Bimabima.png","contentUrl":"https:\/\/eyanoeditions.com\/wp-content\/uploads\/2024\/02\/cropped-Logo-Eyano-Editions-Jules-Bimabima.png","width":348,"height":157,"caption":"Eyano Editions"},"image":{"@id":"https:\/\/eyanoeditions.com\/#\/schema\/logo\/image\/"}}]}},"_links":{"self":[{"href":"https:\/\/eyanoeditions.com\/index.php\/wp-json\/wp\/v2\/pages\/385"}],"collection":[{"href":"https:\/\/eyanoeditions.com\/index.php\/wp-json\/wp\/v2\/pages"}],"about":[{"href":"https:\/\/eyanoeditions.com\/index.php\/wp-json\/wp\/v2\/types\/page"}],"author":[{"embeddable":true,"href":"https:\/\/eyanoeditions.com\/index.php\/wp-json\/wp\/v2\/users\/1"}],"replies":[{"embeddable":true,"href":"https:\/\/eyanoeditions.com\/index.php\/wp-json\/wp\/v2\/comments?post=385"}],"version-history":[{"count":26,"href":"https:\/\/eyanoeditions.com\/index.php\/wp-json\/wp\/v2\/pages\/385\/revisions"}],"predecessor-version":[{"id":769,"href":"https:\/\/eyanoeditions.com\/index.php\/wp-json\/wp\/v2\/pages\/385\/revisions\/769"}],"wp:attachment":[{"href":"https:\/\/eyanoeditions.com\/index.php\/wp-json\/wp\/v2\/media?parent=385"}],"curies":[{"name":"wp","href":"https:\/\/api.w.org\/{rel}","templated":true}]}}