{"id":775,"date":"2024-10-07T11:26:41","date_gmt":"2024-10-07T09:26:41","guid":{"rendered":"https:\/\/eyanoeditions.com\/?page_id=775"},"modified":"2024-10-07T11:30:01","modified_gmt":"2024-10-07T09:30:01","slug":"kyalika-mumeka-cynthia","status":"publish","type":"page","link":"https:\/\/eyanoeditions.com\/index.php\/kyalika-mumeka-cynthia\/","title":{"rendered":"KYALIKA MUMEKA Cynthia"},"content":{"rendered":"\t\t<div data-elementor-type=\"wp-page\" data-elementor-id=\"775\" class=\"elementor elementor-775\">\n\t\t\t\t<div class=\"elementor-element elementor-element-7551efa e-flex e-con-boxed e-con e-parent\" data-id=\"7551efa\" data-element_type=\"container\" data-settings=\"{&quot;content_width&quot;:&quot;boxed&quot;}\" data-core-v316-plus=\"true\">\n\t\t\t\t\t<div class=\"e-con-inner\">\n\t\t\t\t<div class=\"elementor-element elementor-element-f9aab82 elementor-widget elementor-widget-heading\" data-id=\"f9aab82\" data-element_type=\"widget\" data-widget_type=\"heading.default\">\n\t\t\t\t<div class=\"elementor-widget-container\">\n\t\t\t<style>\/*! elementor - v3.19.0 - 07-02-2024 *\/\n.elementor-heading-title{padding:0;margin:0;line-height:1}.elementor-widget-heading .elementor-heading-title[class*=elementor-size-]>a{color:inherit;font-size:inherit;line-height:inherit}.elementor-widget-heading .elementor-heading-title.elementor-size-small{font-size:15px}.elementor-widget-heading .elementor-heading-title.elementor-size-medium{font-size:19px}.elementor-widget-heading .elementor-heading-title.elementor-size-large{font-size:29px}.elementor-widget-heading .elementor-heading-title.elementor-size-xl{font-size:39px}.elementor-widget-heading .elementor-heading-title.elementor-size-xxl{font-size:59px}<\/style><h2 class=\"elementor-heading-title elementor-size-default\">KYALIKA MUMEKA CyNthia<\/h2>\t\t<\/div>\n\t\t\t\t<\/div>\n\t\t\t\t\t<\/div>\n\t\t\t\t<\/div>\n\t\t<div class=\"elementor-element elementor-element-acb6672 e-flex e-con-boxed e-con e-parent\" data-id=\"acb6672\" data-element_type=\"container\" data-settings=\"{&quot;content_width&quot;:&quot;boxed&quot;}\" data-core-v316-plus=\"true\">\n\t\t\t\t\t<div class=\"e-con-inner\">\n\t\t<div class=\"elementor-element elementor-element-466674f e-con-full e-flex e-con e-child\" data-id=\"466674f\" data-element_type=\"container\" data-settings=\"{&quot;content_width&quot;:&quot;full&quot;}\">\n\t\t\t\t<div class=\"elementor-element elementor-element-5aae4d6 elementor-widget elementor-widget-image\" data-id=\"5aae4d6\" data-element_type=\"widget\" data-widget_type=\"image.default\">\n\t\t\t\t<div class=\"elementor-widget-container\">\n\t\t\t<style>\/*! elementor - v3.19.0 - 07-02-2024 *\/\n.elementor-widget-image{text-align:center}.elementor-widget-image a{display:inline-block}.elementor-widget-image a img[src$=\".svg\"]{width:48px}.elementor-widget-image img{vertical-align:middle;display:inline-block}<\/style>\t\t\t\t\t\t\t\t\t\t<img fetchpriority=\"high\" decoding=\"async\" width=\"640\" height=\"960\" src=\"https:\/\/eyanoeditions.com\/wp-content\/uploads\/2024\/10\/IMG_1304.jpg\" class=\"attachment-large size-large wp-image-774\" alt=\"\" srcset=\"https:\/\/eyanoeditions.com\/wp-content\/uploads\/2024\/10\/IMG_1304.jpg 640w, https:\/\/eyanoeditions.com\/wp-content\/uploads\/2024\/10\/IMG_1304-200x300.jpg 200w\" sizes=\"(max-width: 640px) 100vw, 640px\" \/>\t\t\t\t\t\t\t\t\t\t\t\t\t<\/div>\n\t\t\t\t<\/div>\n\t\t\t\t<\/div>\n\t\t<div class=\"elementor-element elementor-element-213be39 e-con-full e-flex e-con e-child\" data-id=\"213be39\" data-element_type=\"container\" data-settings=\"{&quot;content_width&quot;:&quot;full&quot;}\">\n\t\t\t\t<\/div>\n\t\t\t\t\t<\/div>\n\t\t\t\t<\/div>\n\t\t<div class=\"elementor-element elementor-element-e18823b e-flex e-con-boxed e-con e-parent\" data-id=\"e18823b\" data-element_type=\"container\" data-settings=\"{&quot;content_width&quot;:&quot;boxed&quot;}\" data-core-v316-plus=\"true\">\n\t\t\t\t\t<div class=\"e-con-inner\">\n\t\t\t\t<div class=\"elementor-element elementor-element-c9f4a6a elementor-widget elementor-widget-text-editor\" data-id=\"c9f4a6a\" data-element_type=\"widget\" data-widget_type=\"text-editor.default\">\n\t\t\t\t<div class=\"elementor-widget-container\">\n\t\t\t<style>\/*! elementor - v3.19.0 - 07-02-2024 *\/\n.elementor-widget-text-editor.elementor-drop-cap-view-stacked .elementor-drop-cap{background-color:#69727d;color:#fff}.elementor-widget-text-editor.elementor-drop-cap-view-framed .elementor-drop-cap{color:#69727d;border:3px solid;background-color:transparent}.elementor-widget-text-editor:not(.elementor-drop-cap-view-default) .elementor-drop-cap{margin-top:8px}.elementor-widget-text-editor:not(.elementor-drop-cap-view-default) .elementor-drop-cap-letter{width:1em;height:1em}.elementor-widget-text-editor .elementor-drop-cap{float:left;text-align:center;line-height:1;font-size:50px}.elementor-widget-text-editor .elementor-drop-cap-letter{display:inline-block}<\/style>\t\t\t\t<p><span style=\"font-family: Poppins, sans-serif; font-size: 16px; font-style: normal; font-variant-ligatures: normal; font-variant-caps: normal; font-weight: 300; text-align: justify;\">Madame Cynthia est\u00a0<\/span><span style=\"font-variant-ligatures: normal; font-variant-caps: normal; font-family: Poppins, sans-serif; font-size: 16px; font-style: normal; font-weight: bold; text-align: justify;\">entrepreneure<\/span><span style=\"font-family: Poppins, sans-serif; font-size: 16px; font-style: normal; font-variant-ligatures: normal; font-variant-caps: normal; font-weight: 300; text-align: justify;\">\u00a0et cofondatrice de l&#8217;entreprise\u00a0<\/span><span style=\"font-variant-ligatures: normal; font-variant-caps: normal; font-family: Poppins, sans-serif; font-size: 16px; font-style: normal; font-weight: bold; text-align: justify;\">JENGO BORA SARL\u00a0<\/span><span style=\"font-family: Poppins, sans-serif; font-size: 16px; font-style: normal; font-variant-ligatures: normal; font-variant-caps: normal; font-weight: 300; text-align: justify;\">et propri\u00e9taire de l&#8217;\u00e9tablissement de beaut\u00e9<\/span><span style=\"font-variant-ligatures: normal; font-variant-caps: normal; font-family: Poppins, sans-serif; font-size: 16px; font-style: normal; font-weight: bold; text-align: justify;\">\u00a0BUSUMA Hair<\/span><span style=\"font-family: Poppins, sans-serif; font-size: 16px; font-style: normal; font-variant-ligatures: normal; font-variant-caps: normal; font-weight: 300; text-align: justify;\">.\u00a0<\/span><span style=\"font-variant-ligatures: normal; font-variant-caps: normal; font-family: Poppins, sans-serif; font-size: 16px; font-style: normal; font-weight: bold; color: var( --e-global-color-text ); letter-spacing: 0px; text-align: justify; word-spacing: 0em;\">Assistante \u00e0 l\u2019Universit\u00e9 de Lubumbashi<\/span><span style=\"font-variant-ligatures: normal; font-variant-caps: normal; font-family: Poppins, sans-serif; font-size: 16px; font-style: normal; font-weight: 300; color: var( --e-global-color-text ); letter-spacing: 0px; text-align: justify; word-spacing: 0em;\">\u00a0apr\u00e8s\u00a0<\/span><span style=\"font-variant-ligatures: normal; font-variant-caps: normal; font-family: Poppins, sans-serif; font-size: 16px; font-style: normal; font-weight: bold; color: var( --e-global-color-text ); letter-spacing: 0px; text-align: justify; word-spacing: 0em;\">trois distinctions<\/span><span style=\"font-variant-ligatures: normal; font-variant-caps: normal; font-family: Poppins, sans-serif; font-size: 16px; font-style: normal; font-weight: 300; color: var( --e-global-color-text ); letter-spacing: 0px; text-align: justify; word-spacing: 0em;\">\u00a0durant son parcours universitaire \u00e0 l\u2019Ecole Sup\u00e9rieure des ing\u00e9nieurs industriels. Elle est pr\u00e9sentement candidate\u00a0<\/span><span style=\"font-variant-ligatures: normal; font-variant-caps: normal; font-family: Poppins, sans-serif; font-size: 16px; font-style: normal; font-weight: bold; color: var( --e-global-color-text ); letter-spacing: 0px; text-align: justify; word-spacing: 0em;\">doctorante \u00e0 University of South Africa<\/span><span style=\"font-variant-ligatures: normal; font-variant-caps: normal; font-family: Poppins, sans-serif; font-size: 16px; font-style: normal; font-weight: 300; color: var( --e-global-color-text ); letter-spacing: 0px; text-align: justify; word-spacing: 0em;\">\u00a0apr\u00e8s y avoir gravi son\u00a0<\/span><span style=\"font-variant-ligatures: normal; font-variant-caps: normal; font-family: Poppins, sans-serif; font-size: 16px; font-style: normal; font-weight: bold; color: var( --e-global-color-text ); letter-spacing: 0px; text-align: justify; word-spacing: 0em;\">\u00ab Magister Technologiae \u00bb<\/span><span style=\"font-variant-ligatures: normal; font-variant-caps: normal; font-family: Poppins, sans-serif; font-size: 16px; font-style: normal; font-weight: 300; color: var( --e-global-color-text ); letter-spacing: 0px; text-align: justify; word-spacing: 0em;\">\u00a0et suivi, parall\u00e8lement, une formation en gestion de projets de construction \u00e0 l\u2019Universit\u00e9 de Cape Town. Elle occupe actuellement le poste d\u2019<\/span><span style=\"font-variant-ligatures: normal; font-variant-caps: normal; font-family: Poppins, sans-serif; font-size: 16px; font-style: normal; font-weight: bold; color: var( --e-global-color-text ); letter-spacing: 0px; text-align: justify; word-spacing: 0em;\">Ing\u00e9nieure en charge des projets<\/span><span style=\"font-variant-ligatures: normal; font-variant-caps: normal; font-family: Poppins, sans-serif; font-size: 16px; font-style: normal; font-weight: 300; color: var( --e-global-color-text ); letter-spacing: 0px; text-align: justify; word-spacing: 0em;\">\u00a0de construction \u00e0 CMOC Kisanfu Mining, apr\u00e8s avoir \u00e9t\u00e9 coordonnatrice g\u00e9n\u00e9rale du Bureau d\u2019Etude Global Project puis \u00ab Mine development\u00a0 Engineer \u00bb au sein de l\u2019entreprise Tenke Fungurume Mining.<\/span><\/p>\t\t\t\t\t\t<\/div>\n\t\t\t\t<\/div>\n\t\t\t\t\t<\/div>\n\t\t\t\t<\/div>\n\t\t<div class=\"elementor-element elementor-element-dbfc4cc e-flex e-con-boxed e-con e-parent\" data-id=\"dbfc4cc\" data-element_type=\"container\" data-settings=\"{&quot;content_width&quot;:&quot;boxed&quot;}\" data-core-v316-plus=\"true\">\n\t\t\t\t\t<div class=\"e-con-inner\">\n\t\t\t\t<div class=\"elementor-element elementor-element-7cb852b elementor-widget elementor-widget-heading\" data-id=\"7cb852b\" data-element_type=\"widget\" data-widget_type=\"heading.default\">\n\t\t\t\t<div class=\"elementor-widget-container\">\n\t\t\t<h2 class=\"elementor-heading-title elementor-size-default\">OEUVRE<\/h2>\t\t<\/div>\n\t\t\t\t<\/div>\n\t\t\t\t\t<\/div>\n\t\t\t\t<\/div>\n\t\t<div class=\"elementor-element elementor-element-b796b6d e-flex e-con-boxed e-con e-parent\" data-id=\"b796b6d\" data-element_type=\"container\" data-settings=\"{&quot;content_width&quot;:&quot;boxed&quot;}\" data-core-v316-plus=\"true\">\n\t\t\t\t\t<div class=\"e-con-inner\">\n\t\t\t\t<div class=\"elementor-element elementor-element-2a21ccb bdt-pagination-hide-yes bdt-carousel-style-carousel elementor-widget elementor-widget-prime-slider-tango\" data-id=\"2a21ccb\" data-element_type=\"widget\" data-widget_type=\"prime-slider-tango.default\">\n\t\t\t\t<div class=\"elementor-widget-container\">\n\t\t\t\t\t<div class=\"bdt-prime-slider\">\n\t\t<div id=\"bdt-prime-slider-2a21ccb\" class=\"bdt-prime-slider-tango elementor-swiper\" data-settings=\"{&quot;autoplay&quot;:{&quot;delay&quot;:5000},&quot;loop&quot;:true,&quot;speed&quot;:900,&quot;slidesPerView&quot;:1,&quot;slidesPerGroup&quot;:1,&quot;centeredSlides&quot;:true,&quot;effect&quot;:&quot;carousel&quot;,&quot;breakpoints&quot;:{&quot;768&quot;:{&quot;slidesPerView&quot;:2,&quot;spaceBetween&quot;:0,&quot;slidesPerGroup&quot;:1},&quot;1024&quot;:{&quot;slidesPerView&quot;:3,&quot;spaceBetween&quot;:0,&quot;slidesPerGroup&quot;:1}},&quot;navigation&quot;:{&quot;nextEl&quot;:&quot;#bdt-prime-slider-2a21ccb .bdt-navigation-next&quot;,&quot;prevEl&quot;:&quot;#bdt-prime-slider-2a21ccb .bdt-navigation-prev&quot;},&quot;pagination&quot;:{&quot;el&quot;:&quot;#bdt-prime-slider-2a21ccb .swiper-pagination&quot;,&quot;clickable&quot;:&quot;true&quot;},&quot;coverflowEffect&quot;:{&quot;rotate&quot;:0,&quot;stretch&quot;:180,&quot;depth&quot;:100,&quot;modifier&quot;:1,&quot;slideShadows&quot;:true}}\">\n\t\t\t<div class=\"swiper-tango swiper\">\n\t\t\t\t<div class=\"swiper-wrapper\">\n\t\t\n            <div class=\"swiper-slide bdt-item\">\n\t\t\t\t\t<div class=\"bdt-image-wrap\">\n\t\t\t\t\t\t<img decoding=\"async\" width=\"923\" height=\"675\" src=\"https:\/\/eyanoeditions.com\/wp-content\/uploads\/2024\/10\/IMG_1266.jpg\" class=\"bdt-img\" alt=\"LE METRE AUX BOUTS DES DOIGTS\" srcset=\"https:\/\/eyanoeditions.com\/wp-content\/uploads\/2024\/10\/IMG_1266.jpg 923w, https:\/\/eyanoeditions.com\/wp-content\/uploads\/2024\/10\/IMG_1266-300x219.jpg 300w, https:\/\/eyanoeditions.com\/wp-content\/uploads\/2024\/10\/IMG_1266-768x562.jpg 768w\" sizes=\"(max-width: 923px) 100vw, 923px\" \/>\t\t\t\t\t<\/div>\n\t\t\t\t\t<div class=\"bdt-content-wrap\">\n\n\t\t\t\t\t\t\t\t\t\t\t\t<div class=\"bdt-subtitle\" data-reveal=\"reveal-active\">\n\t\t\t\t\t\t\t\tLabel\t\t\t\t\t\t\t<\/div>\n\t\t\t\t\t\t\n\t\t\t\t\t\t\t\t\t\t\t\t\t<h1 class=\"bdt-title\" data-reveal=\"reveal-active\">\n\t\t\t\t\t\t\t\t\t\t\t\t\t\t\t\t\t<span class=\"frist-word\">LE<\/span> METRE AUX BOUTS DES DOIGTS\t\t\t\t\t\t\t\t\t\t\t\t\t\t\t\t<\/h1>\n\t\t\t\t\t\t\t\t\t\t\t<\/div>\n\n\t\t\t<\/div>\n\n        \n            <div class=\"swiper-slide bdt-item\">\n\t\t\t\t\t<div class=\"bdt-image-wrap\">\n\t\t\t\t\t\t<img decoding=\"async\" width=\"923\" height=\"675\" src=\"https:\/\/eyanoeditions.com\/wp-content\/uploads\/2024\/10\/IMG_1266.jpg\" class=\"bdt-img\" alt=\"LE METRE AUX BOUTS DES DOIGTS\" srcset=\"https:\/\/eyanoeditions.com\/wp-content\/uploads\/2024\/10\/IMG_1266.jpg 923w, https:\/\/eyanoeditions.com\/wp-content\/uploads\/2024\/10\/IMG_1266-300x219.jpg 300w, https:\/\/eyanoeditions.com\/wp-content\/uploads\/2024\/10\/IMG_1266-768x562.jpg 768w\" sizes=\"(max-width: 923px) 100vw, 923px\" \/>\t\t\t\t\t<\/div>\n\t\t\t\t\t<div class=\"bdt-content-wrap\">\n\n\t\t\t\t\t\t\t\t\t\t\t\t<div class=\"bdt-subtitle\" data-reveal=\"reveal-active\">\n\t\t\t\t\t\t\t\tLabel\t\t\t\t\t\t\t<\/div>\n\t\t\t\t\t\t\n\t\t\t\t\t\t\t\t\t\t\t\t\t<h1 class=\"bdt-title\" data-reveal=\"reveal-active\">\n\t\t\t\t\t\t\t\t\t\t\t\t\t\t\t\t\t<span class=\"frist-word\">LE<\/span> METRE AUX BOUTS DES DOIGTS\t\t\t\t\t\t\t\t\t\t\t\t\t\t\t\t<\/h1>\n\t\t\t\t\t\t\t\t\t\t\t<\/div>\n\n\t\t\t<\/div>\n\n        \n            <div class=\"swiper-slide bdt-item\">\n\t\t\t\t\t<div class=\"bdt-image-wrap\">\n\t\t\t\t\t\t<img decoding=\"async\" width=\"923\" height=\"675\" src=\"https:\/\/eyanoeditions.com\/wp-content\/uploads\/2024\/10\/IMG_1266.jpg\" class=\"bdt-img\" alt=\"LE METRE AUX BOUTS DES DOIGTS\" srcset=\"https:\/\/eyanoeditions.com\/wp-content\/uploads\/2024\/10\/IMG_1266.jpg 923w, https:\/\/eyanoeditions.com\/wp-content\/uploads\/2024\/10\/IMG_1266-300x219.jpg 300w, https:\/\/eyanoeditions.com\/wp-content\/uploads\/2024\/10\/IMG_1266-768x562.jpg 768w\" sizes=\"(max-width: 923px) 100vw, 923px\" \/>\t\t\t\t\t<\/div>\n\t\t\t\t\t<div class=\"bdt-content-wrap\">\n\n\t\t\t\t\t\t\t\t\t\t\t\t<div class=\"bdt-subtitle\" data-reveal=\"reveal-active\">\n\t\t\t\t\t\t\t\tLabel\t\t\t\t\t\t\t<\/div>\n\t\t\t\t\t\t\n\t\t\t\t\t\t\t\t\t\t\t\t\t<h1 class=\"bdt-title\" data-reveal=\"reveal-active\">\n\t\t\t\t\t\t\t\t\t\t\t\t\t\t\t\t\t<span class=\"frist-word\">LE<\/span> METRE AUX BOUTS DES DOIGTS\t\t\t\t\t\t\t\t\t\t\t\t\t\t\t\t<\/h1>\n\t\t\t\t\t\t\t\t\t\t\t<\/div>\n\n\t\t\t<\/div>\n\n        \t\t\t\t<\/div>\n\t\t\t<\/div>\n\t\t\t\n\t\t\t\t\t\t\t\t\t\n\t\t\t<div class=\"swiper-pagination reveal-muted\"><\/div>\n\t\t\t<!-- <div class=\"swiper-scrollbar\"><\/div> -->\n\t\t\t\n\t\t\t\t\t\t\t\t\n\t\t\t\t\t\t<div class=\"bdt-arrows-center bdt-navigation-arrows bdt-position-z-index reveal-muted\">\n\t\t\t\t<div class=\"bdt-navigation-prev bdt-slidenav\"><i class=\"ps-wi-arrow-left-5\"><\/i><\/div>\n\t\t\t\t<div class=\"bdt-navigation-next bdt-slidenav\"><i class=\"ps-wi-arrow-right-5\"><\/i><\/div>\n\t\t\t<\/div>\n\t\t\t\n\t\t\t\t<\/div>\n\t\t<\/div>\n\n\t\t\t\t<\/div>\n\t\t\t\t<\/div>\n\t\t\t\t\t<\/div>\n\t\t\t\t<\/div>\n\t\t\t\t<\/div>\n\t\t","protected":false},"excerpt":{"rendered":"<p>KYALIKA MUMEKA CyNthia Madame Cynthia est\u00a0entrepreneure\u00a0et cofondatrice de l&#8217;entreprise\u00a0JENGO BORA SARL\u00a0et propri\u00e9taire de l&#8217;\u00e9tablissement de beaut\u00e9\u00a0BUSUMA Hair.\u00a0Assistante \u00e0 l\u2019Universit\u00e9 de Lubumbashi\u00a0apr\u00e8s\u00a0trois distinctions\u00a0durant son parcours universitaire \u00e0 l\u2019Ecole Sup\u00e9rieure des ing\u00e9nieurs industriels. Elle est pr\u00e9sentement candidate\u00a0doctorante \u00e0 University of South Africa\u00a0apr\u00e8s y avoir gravi son\u00a0\u00ab Magister Technologiae \u00bb\u00a0et suivi, parall\u00e8lement, une formation en gestion de projets [&hellip;]<\/p>\n","protected":false},"author":1,"featured_media":0,"parent":0,"menu_order":0,"comment_status":"closed","ping_status":"closed","template":"","meta":{"footnotes":""},"yoast_head":"<!-- This site is optimized with the Yoast SEO plugin v22.1 - https:\/\/yoast.com\/wordpress\/plugins\/seo\/ -->\n<title>KYALIKA MUMEKA Cynthia - Eyano Editions<\/title>\n<meta name=\"robots\" content=\"index, follow, max-snippet:-1, max-image-preview:large, max-video-preview:-1\" \/>\n<link rel=\"canonical\" href=\"https:\/\/eyanoeditions.com\/index.php\/kyalika-mumeka-cynthia\/\" \/>\n<meta property=\"og:locale\" content=\"en_US\" \/>\n<meta property=\"og:type\" content=\"article\" \/>\n<meta property=\"og:title\" content=\"KYALIKA MUMEKA Cynthia - Eyano Editions\" \/>\n<meta property=\"og:description\" content=\"KYALIKA MUMEKA CyNthia Madame Cynthia est\u00a0entrepreneure\u00a0et cofondatrice de l&#8217;entreprise\u00a0JENGO BORA SARL\u00a0et propri\u00e9taire de l&#8217;\u00e9tablissement de beaut\u00e9\u00a0BUSUMA Hair.\u00a0Assistante \u00e0 l\u2019Universit\u00e9 de Lubumbashi\u00a0apr\u00e8s\u00a0trois distinctions\u00a0durant son parcours universitaire \u00e0 l\u2019Ecole Sup\u00e9rieure des ing\u00e9nieurs industriels. Elle est pr\u00e9sentement candidate\u00a0doctorante \u00e0 University of South Africa\u00a0apr\u00e8s y avoir gravi son\u00a0\u00ab Magister Technologiae \u00bb\u00a0et suivi, parall\u00e8lement, une formation en gestion de projets [&hellip;]\" \/>\n<meta property=\"og:url\" content=\"https:\/\/eyanoeditions.com\/index.php\/kyalika-mumeka-cynthia\/\" \/>\n<meta property=\"og:site_name\" content=\"Eyano Editions\" \/>\n<meta property=\"article:modified_time\" content=\"2024-10-07T09:30:01+00:00\" \/>\n<meta property=\"og:image\" content=\"https:\/\/eyanoeditions.com\/wp-content\/uploads\/2024\/10\/IMG_1304.jpg\" \/>\n<meta name=\"twitter:card\" content=\"summary_large_image\" \/>\n<meta name=\"twitter:label1\" content=\"Est. reading time\" \/>\n\t<meta name=\"twitter:data1\" content=\"3 minutes\" \/>\n<script type=\"application\/ld+json\" class=\"yoast-schema-graph\">{\"@context\":\"https:\/\/schema.org\",\"@graph\":[{\"@type\":\"WebPage\",\"@id\":\"https:\/\/eyanoeditions.com\/index.php\/kyalika-mumeka-cynthia\/\",\"url\":\"https:\/\/eyanoeditions.com\/index.php\/kyalika-mumeka-cynthia\/\",\"name\":\"KYALIKA MUMEKA Cynthia - Eyano Editions\",\"isPartOf\":{\"@id\":\"https:\/\/eyanoeditions.com\/#website\"},\"datePublished\":\"2024-10-07T09:26:41+00:00\",\"dateModified\":\"2024-10-07T09:30:01+00:00\",\"breadcrumb\":{\"@id\":\"https:\/\/eyanoeditions.com\/index.php\/kyalika-mumeka-cynthia\/#breadcrumb\"},\"inLanguage\":\"en-US\",\"potentialAction\":[{\"@type\":\"ReadAction\",\"target\":[\"https:\/\/eyanoeditions.com\/index.php\/kyalika-mumeka-cynthia\/\"]}]},{\"@type\":\"BreadcrumbList\",\"@id\":\"https:\/\/eyanoeditions.com\/index.php\/kyalika-mumeka-cynthia\/#breadcrumb\",\"itemListElement\":[{\"@type\":\"ListItem\",\"position\":1,\"name\":\"Accueil\",\"item\":\"https:\/\/eyanoeditions.com\/\"},{\"@type\":\"ListItem\",\"position\":2,\"name\":\"KYALIKA MUMEKA Cynthia\"}]},{\"@type\":\"WebSite\",\"@id\":\"https:\/\/eyanoeditions.com\/#website\",\"url\":\"https:\/\/eyanoeditions.com\/\",\"name\":\"Eyano Editions\",\"description\":\"Partagez votre exp\u00e9rience avec nous !\",\"publisher\":{\"@id\":\"https:\/\/eyanoeditions.com\/#organization\"},\"potentialAction\":[{\"@type\":\"SearchAction\",\"target\":{\"@type\":\"EntryPoint\",\"urlTemplate\":\"https:\/\/eyanoeditions.com\/?s={search_term_string}\"},\"query-input\":\"required name=search_term_string\"}],\"inLanguage\":\"en-US\"},{\"@type\":\"Organization\",\"@id\":\"https:\/\/eyanoeditions.com\/#organization\",\"name\":\"Eyano Editions\",\"url\":\"https:\/\/eyanoeditions.com\/\",\"logo\":{\"@type\":\"ImageObject\",\"inLanguage\":\"en-US\",\"@id\":\"https:\/\/eyanoeditions.com\/#\/schema\/logo\/image\/\",\"url\":\"https:\/\/eyanoeditions.com\/wp-content\/uploads\/2024\/02\/cropped-Logo-Eyano-Editions-Jules-Bimabima.png\",\"contentUrl\":\"https:\/\/eyanoeditions.com\/wp-content\/uploads\/2024\/02\/cropped-Logo-Eyano-Editions-Jules-Bimabima.png\",\"width\":348,\"height\":157,\"caption\":\"Eyano Editions\"},\"image\":{\"@id\":\"https:\/\/eyanoeditions.com\/#\/schema\/logo\/image\/\"}}]}<\/script>\n<!-- \/ Yoast SEO plugin. -->","yoast_head_json":{"title":"KYALIKA MUMEKA Cynthia - Eyano Editions","robots":{"index":"index","follow":"follow","max-snippet":"max-snippet:-1","max-image-preview":"max-image-preview:large","max-video-preview":"max-video-preview:-1"},"canonical":"https:\/\/eyanoeditions.com\/index.php\/kyalika-mumeka-cynthia\/","og_locale":"en_US","og_type":"article","og_title":"KYALIKA MUMEKA Cynthia - Eyano Editions","og_description":"KYALIKA MUMEKA CyNthia Madame Cynthia est\u00a0entrepreneure\u00a0et cofondatrice de l&#8217;entreprise\u00a0JENGO BORA SARL\u00a0et propri\u00e9taire de l&#8217;\u00e9tablissement de beaut\u00e9\u00a0BUSUMA Hair.\u00a0Assistante \u00e0 l\u2019Universit\u00e9 de Lubumbashi\u00a0apr\u00e8s\u00a0trois distinctions\u00a0durant son parcours universitaire \u00e0 l\u2019Ecole Sup\u00e9rieure des ing\u00e9nieurs industriels. Elle est pr\u00e9sentement candidate\u00a0doctorante \u00e0 University of South Africa\u00a0apr\u00e8s y avoir gravi son\u00a0\u00ab Magister Technologiae \u00bb\u00a0et suivi, parall\u00e8lement, une formation en gestion de projets [&hellip;]","og_url":"https:\/\/eyanoeditions.com\/index.php\/kyalika-mumeka-cynthia\/","og_site_name":"Eyano Editions","article_modified_time":"2024-10-07T09:30:01+00:00","og_image":[{"url":"https:\/\/eyanoeditions.com\/wp-content\/uploads\/2024\/10\/IMG_1304.jpg"}],"twitter_card":"summary_large_image","twitter_misc":{"Est. reading time":"3 minutes"},"schema":{"@context":"https:\/\/schema.org","@graph":[{"@type":"WebPage","@id":"https:\/\/eyanoeditions.com\/index.php\/kyalika-mumeka-cynthia\/","url":"https:\/\/eyanoeditions.com\/index.php\/kyalika-mumeka-cynthia\/","name":"KYALIKA MUMEKA Cynthia - Eyano Editions","isPartOf":{"@id":"https:\/\/eyanoeditions.com\/#website"},"datePublished":"2024-10-07T09:26:41+00:00","dateModified":"2024-10-07T09:30:01+00:00","breadcrumb":{"@id":"https:\/\/eyanoeditions.com\/index.php\/kyalika-mumeka-cynthia\/#breadcrumb"},"inLanguage":"en-US","potentialAction":[{"@type":"ReadAction","target":["https:\/\/eyanoeditions.com\/index.php\/kyalika-mumeka-cynthia\/"]}]},{"@type":"BreadcrumbList","@id":"https:\/\/eyanoeditions.com\/index.php\/kyalika-mumeka-cynthia\/#breadcrumb","itemListElement":[{"@type":"ListItem","position":1,"name":"Accueil","item":"https:\/\/eyanoeditions.com\/"},{"@type":"ListItem","position":2,"name":"KYALIKA MUMEKA Cynthia"}]},{"@type":"WebSite","@id":"https:\/\/eyanoeditions.com\/#website","url":"https:\/\/eyanoeditions.com\/","name":"Eyano Editions","description":"Partagez votre exp\u00e9rience avec nous !","publisher":{"@id":"https:\/\/eyanoeditions.com\/#organization"},"potentialAction":[{"@type":"SearchAction","target":{"@type":"EntryPoint","urlTemplate":"https:\/\/eyanoeditions.com\/?s={search_term_string}"},"query-input":"required name=search_term_string"}],"inLanguage":"en-US"},{"@type":"Organization","@id":"https:\/\/eyanoeditions.com\/#organization","name":"Eyano Editions","url":"https:\/\/eyanoeditions.com\/","logo":{"@type":"ImageObject","inLanguage":"en-US","@id":"https:\/\/eyanoeditions.com\/#\/schema\/logo\/image\/","url":"https:\/\/eyanoeditions.com\/wp-content\/uploads\/2024\/02\/cropped-Logo-Eyano-Editions-Jules-Bimabima.png","contentUrl":"https:\/\/eyanoeditions.com\/wp-content\/uploads\/2024\/02\/cropped-Logo-Eyano-Editions-Jules-Bimabima.png","width":348,"height":157,"caption":"Eyano Editions"},"image":{"@id":"https:\/\/eyanoeditions.com\/#\/schema\/logo\/image\/"}}]}},"_links":{"self":[{"href":"https:\/\/eyanoeditions.com\/index.php\/wp-json\/wp\/v2\/pages\/775"}],"collection":[{"href":"https:\/\/eyanoeditions.com\/index.php\/wp-json\/wp\/v2\/pages"}],"about":[{"href":"https:\/\/eyanoeditions.com\/index.php\/wp-json\/wp\/v2\/types\/page"}],"author":[{"embeddable":true,"href":"https:\/\/eyanoeditions.com\/index.php\/wp-json\/wp\/v2\/users\/1"}],"replies":[{"embeddable":true,"href":"https:\/\/eyanoeditions.com\/index.php\/wp-json\/wp\/v2\/comments?post=775"}],"version-history":[{"count":4,"href":"https:\/\/eyanoeditions.com\/index.php\/wp-json\/wp\/v2\/pages\/775\/revisions"}],"predecessor-version":[{"id":785,"href":"https:\/\/eyanoeditions.com\/index.php\/wp-json\/wp\/v2\/pages\/775\/revisions\/785"}],"wp:attachment":[{"href":"https:\/\/eyanoeditions.com\/index.php\/wp-json\/wp\/v2\/media?parent=775"}],"curies":[{"name":"wp","href":"https:\/\/api.w.org\/{rel}","templated":true}]}}